{"id":15598,"date":"2022-05-31T18:04:36","date_gmt":"2022-05-31T15:04:36","guid":{"rendered":"https:\/\/alkaline.lv\/products\/krasainie-zimuli-kores-kolores-jumbo-tristurveida-12-gb\/"},"modified":"2022-07-12T13:27:13","modified_gmt":"2022-07-12T10:27:13","slug":"krasainie-zimuli-kores-kolores-jumbo-tristurveida-12-gb","status":"publish","type":"product","link":"https:\/\/alkaline.lv\/en\/products\/krasainie-zimuli-kores-kolores-jumbo-tristurveida-12-gb\/","title":{"rendered":"Kr\u0101sainie z\u012bmu\u013ci KORES KOLORES JUMBO, tr\u012bst\u016brveida, 12 gb."},"content":{"rendered":"<p>\u2022 5mm ar z\u012bmu\u013cu asin\u0101mo.<br \/>\n\u2022 M\u012bksti un \u013coti gludi.<br \/>\n\u2022 Biezs graf\u012bts satur par 175% vair\u0101k kr\u0101svielu nek\u0101<br \/>\nstandarta z\u012bmu\u013ci.<br \/>\n\u2022 Papildus kr\u0101su pigmenti intens\u012bv\u0101k\u0101m un dinamisk\u0101m kr\u0101s\u0101m.<br \/>\n\u2022 Augstas kvalit\u0101tes koksne vieglai asin\u0101\u0161anai.<\/p>\n","protected":false},"excerpt":{"rendered":"<p>\u2022 5mm ar z\u012bmu\u013cu asin\u0101mo. \u2022 M\u012bksti un \u013coti gludi. \u2022 Biezs graf\u012bts satur par 175% vair\u0101k kr\u0101svielu nek\u0101 standarta z\u012bmu\u013ci. \u2022 Papildus kr\u0101su pigmenti intens\u012bv\u0101k\u0101m un dinamisk\u0101m kr\u0101s\u0101m. \u2022 Augstas kvalit\u0101tes koksne vieglai asin\u0101\u0161anai.<\/p>\n","protected":false},"featured_media":15599,"template":"","meta":{"inline_featured_image":false},"product_cat":[553],"product_tag":[],"class_list":{"0":"post-15598","1":"product","2":"type-product","3":"status-publish","4":"has-post-thumbnail","6":"product_cat-zimuli","8":"first","9":"instock","10":"purchasable","11":"product-type-simple","12":"add-to-wishlist-after_add_to_cart"},"_links":{"self":[{"href":"https:\/\/alkaline.lv\/en\/wp-json\/wp\/v2\/product\/15598"}],"collection":[{"href":"https:\/\/alkaline.lv\/en\/wp-json\/wp\/v2\/product"}],"about":[{"href":"https:\/\/alkaline.lv\/en\/wp-json\/wp\/v2\/types\/product"}],"wp:featuredmedia":[{"embeddable":true,"href":"https:\/\/alkaline.lv\/en\/wp-json\/wp\/v2\/media\/15599"}],"wp:attachment":[{"href":"https:\/\/alkaline.lv\/en\/wp-json\/wp\/v2\/media?parent=15598"}],"wp:term":[{"taxonomy":"product_cat","embeddable":true,"href":"https:\/\/alkaline.lv\/en\/wp-json\/wp\/v2\/product_cat?post=15598"},{"taxonomy":"product_tag","embeddable":true,"href":"https:\/\/alkaline.lv\/en\/wp-json\/wp\/v2\/product_tag?post=15598"}],"curies":[{"name":"wp","href":"https:\/\/api.w.org\/{rel}","templated":true}]}}