{"id":15641,"date":"2022-05-31T18:04:56","date_gmt":"2022-05-31T15:04:56","guid":{"rendered":"https:\/\/alkaline.lv\/products\/caurumotajs-rapid-hdc65-melns\/"},"modified":"2022-07-12T13:10:26","modified_gmt":"2022-07-12T10:10:26","slug":"caurumotajs-rapid-hdc65-melns","status":"publish","type":"product","link":"https:\/\/alkaline.lv\/en\/products\/caurumotajs-rapid-hdc65-melns\/","title":{"rendered":"Caurumot\u0101js Rapid HDC65, Melns"},"content":{"rendered":"<p>\u2022 Jaud\u012bgs met\u0101la caurumot\u0101js ar ergonomisku met\u0101la rokturi<br \/>\n<br \/>\u2022 Vienlaic\u012bgi var caurdurt l\u012bdz 65 lap\u0101m  (80 g\/ m2)<br \/>\n<br \/>\u2022 Profesion\u0101lai lieto\u0161anai biroj\u0101<br \/>\n<br \/>\u2022 Viegli iztuk\u0161ojas atktirumu kast\u012bte<\/p>\n","protected":false},"excerpt":{"rendered":"<p>\u2022 Jaud\u012bgs met\u0101la caurumot\u0101js ar ergonomisku met\u0101la rokturi \u2022 Vienlaic\u012bgi var caurdurt l\u012bdz 65 lap\u0101m (80 g\/ m2) \u2022 Profesion\u0101lai lieto\u0161anai biroj\u0101 \u2022 Viegli iztuk\u0161ojas atktirumu kast\u012bte<\/p>\n","protected":false},"featured_media":15642,"template":"","meta":{"inline_featured_image":false},"product_cat":[71,298],"product_tag":[],"class_list":{"0":"post-15641","1":"product","2":"type-product","3":"status-publish","4":"has-post-thumbnail","6":"product_cat-biroja-preces","7":"product_cat-caurumotaji","9":"first","10":"instock","11":"purchasable","12":"product-type-simple","13":"add-to-wishlist-after_add_to_cart"},"_links":{"self":[{"href":"https:\/\/alkaline.lv\/en\/wp-json\/wp\/v2\/product\/15641","targetHints":{"allow":["GET"]}}],"collection":[{"href":"https:\/\/alkaline.lv\/en\/wp-json\/wp\/v2\/product"}],"about":[{"href":"https:\/\/alkaline.lv\/en\/wp-json\/wp\/v2\/types\/product"}],"wp:featuredmedia":[{"embeddable":true,"href":"https:\/\/alkaline.lv\/en\/wp-json\/wp\/v2\/media\/15642"}],"wp:attachment":[{"href":"https:\/\/alkaline.lv\/en\/wp-json\/wp\/v2\/media?parent=15641"}],"wp:term":[{"taxonomy":"product_cat","embeddable":true,"href":"https:\/\/alkaline.lv\/en\/wp-json\/wp\/v2\/product_cat?post=15641"},{"taxonomy":"product_tag","embeddable":true,"href":"https:\/\/alkaline.lv\/en\/wp-json\/wp\/v2\/product_tag?post=15641"}],"curies":[{"name":"wp","href":"https:\/\/api.w.org\/{rel}","templated":true}]}}