{"id":15708,"date":"2022-05-31T18:05:26","date_gmt":"2022-05-31T15:05:26","guid":{"rendered":"https:\/\/alkaline.lv\/products\/skavotajs-rapid-s50-sasuj-lidz-50-lapam\/"},"modified":"2022-07-12T13:10:47","modified_gmt":"2022-07-12T10:10:47","slug":"skavotajs-rapid-s50-sasuj-lidz-50-lapam","status":"publish","type":"product","link":"https:\/\/alkaline.lv\/en\/products\/skavotajs-rapid-s50-sasuj-lidz-50-lapam\/","title":{"rendered":"Skavot\u0101js Rapid S50, sa\u0161uj l\u012bdz 50 lap\u0101m"},"content":{"rendered":"<p>\u2022 Ergonomisks dizains<br \/>\n<br \/>\u2022 Ar &#8221;Super Flat Clinch&#8221; plakano skavu tehnolo\u0123iju, kas samazina pap\u012bra apjomu par 40 %<br \/>\u2022 Unik\u0101ls skavot\u0101ja dizains \u013cauj to izmantot gan k\u0101 galda skavot\u0101ju, gan k\u0101 rokas skavot\u0101ju<br \/>\n<br \/>\u2022 Melna- sarkans<br \/>\n<br \/>\u2022 Sa\u0161auj l\u012bdz 50 lap\u0101m<br \/>\n<br \/>\u2022 Izmanto skavas Nr. 24\/8 + un 26\/8 +<\/p>\n","protected":false},"excerpt":{"rendered":"<p>\u2022 Ergonomisks dizains \u2022 Ar &#8221;Super Flat Clinch&#8221; plakano skavu tehnolo\u0123iju, kas samazina pap\u012bra apjomu par 40 %\u2022 Unik\u0101ls skavot\u0101ja dizains \u013cauj to izmantot gan k\u0101 galda skavot\u0101ju, gan k\u0101 rokas skavot\u0101ju \u2022 Melna- sarkans \u2022 Sa\u0161auj l\u012bdz 50 lap\u0101m \u2022 Izmanto skavas Nr. 24\/8 + un 26\/8 +<\/p>\n","protected":false},"featured_media":15709,"template":"","meta":{"inline_featured_image":false},"product_cat":[71,299],"product_tag":[],"class_list":{"0":"post-15708","1":"product","2":"type-product","3":"status-publish","4":"has-post-thumbnail","6":"product_cat-biroja-preces","7":"product_cat-skavotaji","9":"first","10":"instock","11":"purchasable","12":"product-type-simple","13":"add-to-wishlist-after_add_to_cart"},"_links":{"self":[{"href":"https:\/\/alkaline.lv\/en\/wp-json\/wp\/v2\/product\/15708"}],"collection":[{"href":"https:\/\/alkaline.lv\/en\/wp-json\/wp\/v2\/product"}],"about":[{"href":"https:\/\/alkaline.lv\/en\/wp-json\/wp\/v2\/types\/product"}],"wp:featuredmedia":[{"embeddable":true,"href":"https:\/\/alkaline.lv\/en\/wp-json\/wp\/v2\/media\/15709"}],"wp:attachment":[{"href":"https:\/\/alkaline.lv\/en\/wp-json\/wp\/v2\/media?parent=15708"}],"wp:term":[{"taxonomy":"product_cat","embeddable":true,"href":"https:\/\/alkaline.lv\/en\/wp-json\/wp\/v2\/product_cat?post=15708"},{"taxonomy":"product_tag","embeddable":true,"href":"https:\/\/alkaline.lv\/en\/wp-json\/wp\/v2\/product_tag?post=15708"}],"curies":[{"name":"wp","href":"https:\/\/api.w.org\/{rel}","templated":true}]}}