{"id":15769,"date":"2022-05-31T18:05:58","date_gmt":"2022-05-31T15:05:58","guid":{"rendered":"https:\/\/alkaline.lv\/products\/rezerves-dalas-caurumotajam-rapid-hdc150-rinki-10-gab\/"},"modified":"2022-06-06T15:13:47","modified_gmt":"2022-06-06T12:13:47","slug":"rezerves-dalas-caurumotajam-rapid-hdc150-rinki-10-gab","status":"publish","type":"product","link":"https:\/\/alkaline.lv\/en\/products\/rezerves-dalas-caurumotajam-rapid-hdc150-rinki-10-gab\/","title":{"rendered":"Rezerves da\u013cas caurumot\u0101jam RAPID HDC150 ri\u0146\u0137i, 10 gab."},"content":{"rendered":"<p>\u2022 Rezerves da\u013ca priek\u0161 Rapid HDC150<br \/>\n<br \/>\u2022 Atgrieziet savam caurumot\u0101jam veiktsp\u0113ju, nomainot perfor\u0113\u0161anas diskus<br \/>\n<br \/>\u2022 Iepakojum\u0101 10 gab.<\/p>\n","protected":false},"excerpt":{"rendered":"<p>\u2022 Rezerves da\u013ca priek\u0161 Rapid HDC150 \u2022 Atgrieziet savam caurumot\u0101jam veiktsp\u0113ju, nomainot perfor\u0113\u0161anas diskus \u2022 Iepakojum\u0101 10 gab.<\/p>\n","protected":false},"featured_media":15770,"template":"","meta":{"inline_featured_image":false},"product_cat":[71,298],"product_tag":[],"class_list":{"0":"post-15769","1":"product","2":"type-product","3":"status-publish","4":"has-post-thumbnail","6":"product_cat-biroja-preces","7":"product_cat-caurumotaji","9":"first","10":"outofstock","11":"purchasable","12":"product-type-simple","13":"add-to-wishlist-after_add_to_cart"},"_links":{"self":[{"href":"https:\/\/alkaline.lv\/en\/wp-json\/wp\/v2\/product\/15769"}],"collection":[{"href":"https:\/\/alkaline.lv\/en\/wp-json\/wp\/v2\/product"}],"about":[{"href":"https:\/\/alkaline.lv\/en\/wp-json\/wp\/v2\/types\/product"}],"wp:featuredmedia":[{"embeddable":true,"href":"https:\/\/alkaline.lv\/en\/wp-json\/wp\/v2\/media\/15770"}],"wp:attachment":[{"href":"https:\/\/alkaline.lv\/en\/wp-json\/wp\/v2\/media?parent=15769"}],"wp:term":[{"taxonomy":"product_cat","embeddable":true,"href":"https:\/\/alkaline.lv\/en\/wp-json\/wp\/v2\/product_cat?post=15769"},{"taxonomy":"product_tag","embeddable":true,"href":"https:\/\/alkaline.lv\/en\/wp-json\/wp\/v2\/product_tag?post=15769"}],"curies":[{"name":"wp","href":"https:\/\/api.w.org\/{rel}","templated":true}]}}