{"id":15824,"date":"2022-05-31T18:06:28","date_gmt":"2022-05-31T15:06:28","guid":{"rendered":"https:\/\/alkaline.lv\/products\/markieris-tafelei-ico-plan-konisks-1-3-mm-sarkans\/"},"modified":"2022-07-12T13:08:41","modified_gmt":"2022-07-12T10:08:41","slug":"markieris-tafelei-ico-plan-konisks-1-3-mm-sarkans","status":"publish","type":"product","link":"https:\/\/alkaline.lv\/en\/products\/markieris-tafelei-ico-plan-konisks-1-3-mm-sarkans\/","title":{"rendered":"Mar\u0137ieris t\u0101felei ICO PLAN konisks, 1-3 mm, sarkans"},"content":{"rendered":"<p>\u2022 Konisks serdenis<br \/>\n\u2022 Tinte izgatavota uz spirta b\u0101zes<br \/>\n\u2022 Neiz\u017e\u016bst 3 dienas, atst\u0101jot<br \/>\nmar\u0137ieri bez v\u0101ci\u0146a<br \/>\n\u2022 L\u012bnijas platums 1-3 mm<\/p>\n","protected":false},"excerpt":{"rendered":"<p>\u2022 Konisks serdenis \u2022 Tinte izgatavota uz spirta b\u0101zes \u2022 Neiz\u017e\u016bst 3 dienas, atst\u0101jot mar\u0137ieri bez v\u0101ci\u0146a \u2022 L\u012bnijas platums 1-3 mm<\/p>\n","protected":false},"featured_media":15825,"template":"","meta":{"inline_featured_image":false},"product_cat":[336],"product_tag":[],"class_list":{"0":"post-15824","1":"product","2":"type-product","3":"status-publish","4":"has-post-thumbnail","6":"product_cat-markieri-tafelem","8":"first","9":"outofstock","10":"purchasable","11":"product-type-simple","12":"add-to-wishlist-after_add_to_cart"},"_links":{"self":[{"href":"https:\/\/alkaline.lv\/en\/wp-json\/wp\/v2\/product\/15824","targetHints":{"allow":["GET"]}}],"collection":[{"href":"https:\/\/alkaline.lv\/en\/wp-json\/wp\/v2\/product"}],"about":[{"href":"https:\/\/alkaline.lv\/en\/wp-json\/wp\/v2\/types\/product"}],"wp:featuredmedia":[{"embeddable":true,"href":"https:\/\/alkaline.lv\/en\/wp-json\/wp\/v2\/media\/15825"}],"wp:attachment":[{"href":"https:\/\/alkaline.lv\/en\/wp-json\/wp\/v2\/media?parent=15824"}],"wp:term":[{"taxonomy":"product_cat","embeddable":true,"href":"https:\/\/alkaline.lv\/en\/wp-json\/wp\/v2\/product_cat?post=15824"},{"taxonomy":"product_tag","embeddable":true,"href":"https:\/\/alkaline.lv\/en\/wp-json\/wp\/v2\/product_tag?post=15824"}],"curies":[{"name":"wp","href":"https:\/\/api.w.org\/{rel}","templated":true}]}}