{"id":15828,"date":"2022-05-31T18:06:28","date_gmt":"2022-05-31T15:06:28","guid":{"rendered":"https:\/\/alkaline.lv\/products\/markieris-tafelei-zebra-z-wm-konisks-1-3-mm-sarkans\/"},"modified":"2022-06-15T14:22:18","modified_gmt":"2022-06-15T11:22:18","slug":"markieris-tafelei-zebra-z-wm-konisks-1-3-mm-sarkans","status":"publish","type":"product","link":"https:\/\/alkaline.lv\/en\/products\/markieris-tafelei-zebra-z-wm-konisks-1-3-mm-sarkans\/","title":{"rendered":"Mar\u0137ieris t\u0101felei ZEBRA Z-WM konisks, 1-3 mm, sarkans"},"content":{"rendered":"<p>\u2022 Konisks serdenis<br \/>\n\u2022 L\u012bnijas platums 1-3 mm<br \/>\n\u2022 Jaunas paaudzes \u0161\u0137idr\u0101 tinte<\/p>\n","protected":false},"excerpt":{"rendered":"<p>\u2022 Konisks serdenis \u2022 L\u012bnijas platums 1-3 mm \u2022 Jaunas paaudzes \u0161\u0137idr\u0101 tinte<\/p>\n","protected":false},"featured_media":15829,"template":"","meta":{"inline_featured_image":false},"product_cat":[336],"product_tag":[],"class_list":{"0":"post-15828","1":"product","2":"type-product","3":"status-publish","4":"has-post-thumbnail","6":"product_cat-markieri-tafelem","8":"first","9":"outofstock","10":"purchasable","11":"product-type-simple","12":"add-to-wishlist-after_add_to_cart"},"_links":{"self":[{"href":"https:\/\/alkaline.lv\/en\/wp-json\/wp\/v2\/product\/15828"}],"collection":[{"href":"https:\/\/alkaline.lv\/en\/wp-json\/wp\/v2\/product"}],"about":[{"href":"https:\/\/alkaline.lv\/en\/wp-json\/wp\/v2\/types\/product"}],"wp:featuredmedia":[{"embeddable":true,"href":"https:\/\/alkaline.lv\/en\/wp-json\/wp\/v2\/media\/15829"}],"wp:attachment":[{"href":"https:\/\/alkaline.lv\/en\/wp-json\/wp\/v2\/media?parent=15828"}],"wp:term":[{"taxonomy":"product_cat","embeddable":true,"href":"https:\/\/alkaline.lv\/en\/wp-json\/wp\/v2\/product_cat?post=15828"},{"taxonomy":"product_tag","embeddable":true,"href":"https:\/\/alkaline.lv\/en\/wp-json\/wp\/v2\/product_tag?post=15828"}],"curies":[{"name":"wp","href":"https:\/\/api.w.org\/{rel}","templated":true}]}}