{"id":15896,"date":"2022-05-31T18:06:59","date_gmt":"2022-05-31T15:06:59","guid":{"rendered":"https:\/\/alkaline.lv\/products\/otas-ico-dazadi-izmeri-4-6-10-3-gab-iepakojuma\/"},"modified":"2022-06-15T09:46:31","modified_gmt":"2022-06-15T06:46:31","slug":"otas-ico-dazadi-izmeri-4-6-10-3-gab-iepakojuma","status":"publish","type":"product","link":"https:\/\/alkaline.lv\/en\/products\/otas-ico-dazadi-izmeri-4-6-10-3-gab-iepakojuma\/","title":{"rendered":"Otas ICO da\u017e\u0101di izm\u0113ri 4-6-10, 3 gab\/iepakojum\u0101"},"content":{"rendered":"<p>no ponija mati\u0146iem<\/p>\n","protected":false},"excerpt":{"rendered":"<p>no ponija mati\u0146iem<\/p>\n","protected":false},"featured_media":15897,"template":"","meta":{"inline_featured_image":false},"product_cat":[333],"product_tag":[],"class_list":{"0":"post-15896","1":"product","2":"type-product","3":"status-publish","4":"has-post-thumbnail","6":"product_cat-otinas","8":"first","9":"outofstock","10":"purchasable","11":"product-type-simple","12":"add-to-wishlist-after_add_to_cart"},"_links":{"self":[{"href":"https:\/\/alkaline.lv\/en\/wp-json\/wp\/v2\/product\/15896"}],"collection":[{"href":"https:\/\/alkaline.lv\/en\/wp-json\/wp\/v2\/product"}],"about":[{"href":"https:\/\/alkaline.lv\/en\/wp-json\/wp\/v2\/types\/product"}],"wp:featuredmedia":[{"embeddable":true,"href":"https:\/\/alkaline.lv\/en\/wp-json\/wp\/v2\/media\/15897"}],"wp:attachment":[{"href":"https:\/\/alkaline.lv\/en\/wp-json\/wp\/v2\/media?parent=15896"}],"wp:term":[{"taxonomy":"product_cat","embeddable":true,"href":"https:\/\/alkaline.lv\/en\/wp-json\/wp\/v2\/product_cat?post=15896"},{"taxonomy":"product_tag","embeddable":true,"href":"https:\/\/alkaline.lv\/en\/wp-json\/wp\/v2\/product_tag?post=15896"}],"curies":[{"name":"wp","href":"https:\/\/api.w.org\/{rel}","templated":true}]}}