{"id":15918,"date":"2022-05-31T18:07:09","date_gmt":"2022-05-31T15:07:09","guid":{"rendered":"https:\/\/alkaline.lv\/products\/krasainie-zimuli-colorino-kids-jumbo-10-krasas-apali-komplekta-asinamais\/"},"modified":"2022-06-15T09:20:48","modified_gmt":"2022-06-15T06:20:48","slug":"krasainie-zimuli-colorino-kids-jumbo-10-krasas-apali-komplekta-asinamais","status":"publish","type":"product","link":"https:\/\/alkaline.lv\/en\/products\/krasainie-zimuli-colorino-kids-jumbo-10-krasas-apali-komplekta-asinamais\/","title":{"rendered":"Kr\u0101sainie z\u012bmu\u013ci COLORINO KIDS JUMBO 10 kr\u0101sas, apa\u013ci, komplekt\u0101 asin\u0101mais"},"content":{"rendered":"","protected":false},"excerpt":{"rendered":"","protected":false},"featured_media":15919,"template":"","meta":{"inline_featured_image":false},"product_cat":[553],"product_tag":[],"class_list":{"0":"post-15918","1":"product","2":"type-product","3":"status-publish","4":"has-post-thumbnail","6":"product_cat-zimuli","8":"first","9":"outofstock","10":"purchasable","11":"product-type-simple","12":"add-to-wishlist-after_add_to_cart"},"_links":{"self":[{"href":"https:\/\/alkaline.lv\/en\/wp-json\/wp\/v2\/product\/15918"}],"collection":[{"href":"https:\/\/alkaline.lv\/en\/wp-json\/wp\/v2\/product"}],"about":[{"href":"https:\/\/alkaline.lv\/en\/wp-json\/wp\/v2\/types\/product"}],"wp:featuredmedia":[{"embeddable":true,"href":"https:\/\/alkaline.lv\/en\/wp-json\/wp\/v2\/media\/15919"}],"wp:attachment":[{"href":"https:\/\/alkaline.lv\/en\/wp-json\/wp\/v2\/media?parent=15918"}],"wp:term":[{"taxonomy":"product_cat","embeddable":true,"href":"https:\/\/alkaline.lv\/en\/wp-json\/wp\/v2\/product_cat?post=15918"},{"taxonomy":"product_tag","embeddable":true,"href":"https:\/\/alkaline.lv\/en\/wp-json\/wp\/v2\/product_tag?post=15918"}],"curies":[{"name":"wp","href":"https:\/\/api.w.org\/{rel}","templated":true}]}}