{"id":15954,"date":"2022-05-31T18:07:28","date_gmt":"2022-05-31T15:07:28","guid":{"rendered":"https:\/\/alkaline.lv\/products\/lineals-sivo-15-cm-dazadas-neona-krasas-1-gab-2\/"},"modified":"2022-06-29T10:20:41","modified_gmt":"2022-06-29T07:20:41","slug":"lineals-sivo-15-cm-dazadas-neona-krasas-1-gab-2","status":"publish","type":"product","link":"https:\/\/alkaline.lv\/en\/products\/lineals-sivo-15-cm-dazadas-neona-krasas-1-gab-2\/","title":{"rendered":"Line\u0101ls SIVO 15 cm, da\u017e\u0101d\u0101s neona kr\u0101s\u0101s, 1 gab"},"content":{"rendered":"<p>\u2022 Spilgt\u0101s kr\u0101s\u0101s<br \/>\n<br \/>\u2022 Piem\u0113rots lieto\u0161anai gan ar kreiso, gan ar labo roku<br \/>\n<br \/>\u2022 da\u017e\u0101das neona kr\u0101sas<br \/>\n<br \/>\u2022 Garums 15 cm<\/p>\n","protected":false},"excerpt":{"rendered":"<p>\u2022 Spilgt\u0101s kr\u0101s\u0101s \u2022 Piem\u0113rots lieto\u0161anai gan ar kreiso, gan ar labo roku \u2022 da\u017e\u0101das neona kr\u0101sas \u2022 Garums 15 cm<\/p>\n","protected":false},"featured_media":15955,"template":"","meta":{"inline_featured_image":false},"product_cat":[573],"product_tag":[],"class_list":{"0":"post-15954","1":"product","2":"type-product","3":"status-publish","4":"has-post-thumbnail","6":"product_cat-lineali-2","8":"first","9":"outofstock","10":"purchasable","11":"product-type-simple","12":"add-to-wishlist-after_add_to_cart"},"_links":{"self":[{"href":"https:\/\/alkaline.lv\/en\/wp-json\/wp\/v2\/product\/15954"}],"collection":[{"href":"https:\/\/alkaline.lv\/en\/wp-json\/wp\/v2\/product"}],"about":[{"href":"https:\/\/alkaline.lv\/en\/wp-json\/wp\/v2\/types\/product"}],"wp:featuredmedia":[{"embeddable":true,"href":"https:\/\/alkaline.lv\/en\/wp-json\/wp\/v2\/media\/15955"}],"wp:attachment":[{"href":"https:\/\/alkaline.lv\/en\/wp-json\/wp\/v2\/media?parent=15954"}],"wp:term":[{"taxonomy":"product_cat","embeddable":true,"href":"https:\/\/alkaline.lv\/en\/wp-json\/wp\/v2\/product_cat?post=15954"},{"taxonomy":"product_tag","embeddable":true,"href":"https:\/\/alkaline.lv\/en\/wp-json\/wp\/v2\/product_tag?post=15954"}],"curies":[{"name":"wp","href":"https:\/\/api.w.org\/{rel}","templated":true}]}}