{"id":16018,"date":"2022-05-31T18:07:58","date_gmt":"2022-05-31T15:07:58","guid":{"rendered":"https:\/\/alkaline.lv\/products\/tintes-kapsula-pilot-v-board-master-tafeles-markieriem-sarkana\/"},"modified":"2026-01-27T11:37:23","modified_gmt":"2026-01-27T09:37:23","slug":"tintes-kapsula-pilot-v-board-master-tafeles-markieriem-sarkana","status":"publish","type":"product","link":"https:\/\/alkaline.lv\/en\/products\/tintes-kapsula-pilot-v-board-master-tafeles-markieriem-sarkana\/","title":{"rendered":"Tintes kapsula PILOT V BOARD MASTER t\u0101feles mar\u0137ieriem sarkana"},"content":{"rendered":"<p>\u2022 \u0160\u0137\u012bdr\u0101 pigmenta tinte nodro\u0161ina \u012bpa\u0161i nacaursp\u012bd\u012bgu kr\u0101sas kl\u0101jumu<br \/>\n<b>\u2022 SVAR\u012aGI! Kapsulu var main\u012bt TIKAI kad beidzies iepriek\u0161\u0113ja kapsula &#8211; tas ir vizu\u0101li redzams <\/b><\/p>\n","protected":false},"excerpt":{"rendered":"<p>\u2022 \u0160\u0137\u012bdr\u0101 pigmenta tinte nodro\u0161ina \u012bpa\u0161i nacaursp\u012bd\u012bgu kr\u0101sas kl\u0101jumu \u2022 SVAR\u012aGI! Kapsulu var main\u012bt TIKAI kad beidzies iepriek\u0161\u0113ja kapsula &#8211; tas ir vizu\u0101li redzams<\/p>\n","protected":false},"featured_media":16019,"template":"","meta":{"inline_featured_image":false},"product_cat":[336],"product_tag":[],"class_list":{"0":"post-16018","1":"product","2":"type-product","3":"status-publish","4":"has-post-thumbnail","6":"product_cat-markieri-tafelem","8":"first","9":"instock","10":"purchasable","11":"product-type-simple","12":"add-to-wishlist-after_add_to_cart"},"_links":{"self":[{"href":"https:\/\/alkaline.lv\/en\/wp-json\/wp\/v2\/product\/16018"}],"collection":[{"href":"https:\/\/alkaline.lv\/en\/wp-json\/wp\/v2\/product"}],"about":[{"href":"https:\/\/alkaline.lv\/en\/wp-json\/wp\/v2\/types\/product"}],"wp:featuredmedia":[{"embeddable":true,"href":"https:\/\/alkaline.lv\/en\/wp-json\/wp\/v2\/media\/16019"}],"wp:attachment":[{"href":"https:\/\/alkaline.lv\/en\/wp-json\/wp\/v2\/media?parent=16018"}],"wp:term":[{"taxonomy":"product_cat","embeddable":true,"href":"https:\/\/alkaline.lv\/en\/wp-json\/wp\/v2\/product_cat?post=16018"},{"taxonomy":"product_tag","embeddable":true,"href":"https:\/\/alkaline.lv\/en\/wp-json\/wp\/v2\/product_tag?post=16018"}],"curies":[{"name":"wp","href":"https:\/\/api.w.org\/{rel}","templated":true}]}}