{"id":16034,"date":"2022-05-31T18:08:08","date_gmt":"2022-05-31T15:08:08","guid":{"rendered":"https:\/\/alkaline.lv\/products\/caurumotajs-leitz-style-caurumo-lidz-30-lapam-satina-melna-krasa-2\/"},"modified":"2022-06-06T15:13:45","modified_gmt":"2022-06-06T12:13:45","slug":"caurumotajs-leitz-style-caurumo-lidz-30-lapam-satina-melna-krasa-2","status":"publish","type":"product","link":"https:\/\/alkaline.lv\/en\/products\/caurumotajs-leitz-style-caurumo-lidz-30-lapam-satina-melna-krasa-2\/","title":{"rendered":"Caurumot\u0101js LEITZ STYLE caurumo l\u012bdz 30 lap\u0101m, sat\u012bna meln\u0101 kr\u0101s\u0101"},"content":{"rendered":"<p>\u2022 Iztur\u012bgs met\u0101la caurumot\u0101js ikdienas lieto\u0161anai<br \/>\n<br \/>\u2022 Vienlaic\u012bgi caurumo l\u012bdz 30 lap\u0101m<br \/>\n<br \/>\u2022 Stabils un uzticams ar komfortablu satv\u0113riena zonu<br \/>\n<br \/>\u2022 Ultra asi asme\u0146i nodro\u0161ina \u012bpa\u0161i vieglu caurumo\u0161anu<br \/>\n<br \/>\u2022 Viegli iztuk\u0161ot<br \/>\n<br \/>\u2022 Kr\u0101sa: sat\u012bna melna<br \/>\n<br \/>\u2022 10 gadu garantija un GS dro\u0161\u012bbas p\u0101rbaude<\/p>\n","protected":false},"excerpt":{"rendered":"<p>\u2022 Iztur\u012bgs met\u0101la caurumot\u0101js ikdienas lieto\u0161anai \u2022 Vienlaic\u012bgi caurumo l\u012bdz 30 lap\u0101m \u2022 Stabils un uzticams ar komfortablu satv\u0113riena zonu \u2022 Ultra asi asme\u0146i nodro\u0161ina \u012bpa\u0161i vieglu caurumo\u0161anu \u2022 Viegli iztuk\u0161ot \u2022 Kr\u0101sa: sat\u012bna melna \u2022 10 gadu garantija un GS dro\u0161\u012bbas p\u0101rbaude<\/p>\n","protected":false},"featured_media":16035,"template":"","meta":{"inline_featured_image":false},"product_cat":[71,298],"product_tag":[],"class_list":{"0":"post-16034","1":"product","2":"type-product","3":"status-publish","4":"has-post-thumbnail","6":"product_cat-biroja-preces","7":"product_cat-caurumotaji","9":"first","10":"outofstock","11":"purchasable","12":"product-type-simple","13":"add-to-wishlist-after_add_to_cart"},"_links":{"self":[{"href":"https:\/\/alkaline.lv\/en\/wp-json\/wp\/v2\/product\/16034"}],"collection":[{"href":"https:\/\/alkaline.lv\/en\/wp-json\/wp\/v2\/product"}],"about":[{"href":"https:\/\/alkaline.lv\/en\/wp-json\/wp\/v2\/types\/product"}],"wp:featuredmedia":[{"embeddable":true,"href":"https:\/\/alkaline.lv\/en\/wp-json\/wp\/v2\/media\/16035"}],"wp:attachment":[{"href":"https:\/\/alkaline.lv\/en\/wp-json\/wp\/v2\/media?parent=16034"}],"wp:term":[{"taxonomy":"product_cat","embeddable":true,"href":"https:\/\/alkaline.lv\/en\/wp-json\/wp\/v2\/product_cat?post=16034"},{"taxonomy":"product_tag","embeddable":true,"href":"https:\/\/alkaline.lv\/en\/wp-json\/wp\/v2\/product_tag?post=16034"}],"curies":[{"name":"wp","href":"https:\/\/api.w.org\/{rel}","templated":true}]}}