{"id":16071,"date":"2022-05-31T18:08:18","date_gmt":"2022-05-31T15:08:18","guid":{"rendered":"https:\/\/alkaline.lv\/products\/lodisu-pildspalva-claro-ultra-0-7-mm-melna-tinte-1-gab-blietri\/"},"modified":"2022-07-12T13:07:15","modified_gmt":"2022-07-12T10:07:15","slug":"lodisu-pildspalva-claro-ultra-0-7-mm-melna-tinte-1-gab-blietri","status":"publish","type":"product","link":"https:\/\/alkaline.lv\/en\/products\/lodisu-pildspalva-claro-ultra-0-7-mm-melna-tinte-1-gab-blietri\/","title":{"rendered":"Lod\u012b\u0161u pildspalva CLARO ULTRA 0.7 mm melna tinte, 1 gab\/blietr\u012b"},"content":{"rendered":"<p>\u2022 Autom\u0101tiska \u2022 Stil\u012bgs dizains<br \/>\n\u2022 Ar lielu gumijotu satv\u0113riena zonu<br \/>\n\u0113rt\u0101kai rakst\u012b\u0161anai<br \/>\n\u2022 Zemas viskozit\u0101tes tinte &#8211; \u012bpa\u0161i gludai rast\u012b\u0161anai<br \/>\n\u2022 Met\u0101la<br \/>\nklipsis<br \/>\n\u2022 Met\u0101la kr\u0101sas plastmasas gals<br \/>\n\u2022 Lod\u012btes diametrs 0.7 mm, l\u012bnijas<br \/>\nplatums 0.5 mm<\/p>\n","protected":false},"excerpt":{"rendered":"<p>\u2022 Autom\u0101tiska \u2022 Stil\u012bgs dizains \u2022 Ar lielu gumijotu satv\u0113riena zonu \u0113rt\u0101kai rakst\u012b\u0161anai \u2022 Zemas viskozit\u0101tes tinte &#8211; \u012bpa\u0161i gludai rast\u012b\u0161anai \u2022 Met\u0101la klipsis \u2022 Met\u0101la kr\u0101sas plastmasas gals \u2022 Lod\u012btes diametrs 0.7 mm, l\u012bnijas platums 0.5 mm<\/p>\n","protected":false},"featured_media":16072,"template":"","meta":{"inline_featured_image":false},"product_cat":[541],"product_tag":[],"class_list":{"0":"post-16071","1":"product","2":"type-product","3":"status-publish","4":"has-post-thumbnail","6":"product_cat-lodisu-pildspalvas-2","8":"first","9":"instock","10":"purchasable","11":"product-type-simple","12":"add-to-wishlist-after_add_to_cart"},"_links":{"self":[{"href":"https:\/\/alkaline.lv\/en\/wp-json\/wp\/v2\/product\/16071"}],"collection":[{"href":"https:\/\/alkaline.lv\/en\/wp-json\/wp\/v2\/product"}],"about":[{"href":"https:\/\/alkaline.lv\/en\/wp-json\/wp\/v2\/types\/product"}],"wp:featuredmedia":[{"embeddable":true,"href":"https:\/\/alkaline.lv\/en\/wp-json\/wp\/v2\/media\/16072"}],"wp:attachment":[{"href":"https:\/\/alkaline.lv\/en\/wp-json\/wp\/v2\/media?parent=16071"}],"wp:term":[{"taxonomy":"product_cat","embeddable":true,"href":"https:\/\/alkaline.lv\/en\/wp-json\/wp\/v2\/product_cat?post=16071"},{"taxonomy":"product_tag","embeddable":true,"href":"https:\/\/alkaline.lv\/en\/wp-json\/wp\/v2\/product_tag?post=16071"}],"curies":[{"name":"wp","href":"https:\/\/api.w.org\/{rel}","templated":true}]}}