{"id":16087,"date":"2022-05-31T18:08:28","date_gmt":"2022-05-31T15:08:28","guid":{"rendered":"https:\/\/alkaline.lv\/products\/dokumentu-bokss-leitz-wow-dual-colour\/"},"modified":"2026-02-03T20:22:20","modified_gmt":"2026-02-03T18:22:20","slug":"dokumentu-bokss-leitz-wow-dual-colour","status":"publish","type":"product","link":"https:\/\/alkaline.lv\/en\/products\/dokumentu-bokss-leitz-wow-dual-colour\/","title":{"rendered":"Dokumentu bokss LEITZ WOW Dual Colour"},"content":{"rendered":"<p>\u2022 Divu kr\u0101su bokss ar glanc\u0113tu virsmu<\/p>\n<p>\u2022 Ide\u0101li piem\u0113rots lieto\u0161anai maz\u0101 biroj\u0101 vai m\u0101j\u0101s<\/p>\n<p>\u2022 \u0112rti organiz\u0113t un uzglab\u0101t dokumentus<\/p>\n<p>\u2022 Izm\u0113rs: 318 x 73 x 272 mm<\/p>\n<p>\u2022 Iepakojum\u0101 4 gab.<\/p>\n","protected":false},"excerpt":{"rendered":"<p>\u2022 Divu kr\u0101su bokss ar glanc\u0113tu virsmu \u2022 Ide\u0101li piem\u0113rots lieto\u0161anai maz\u0101 biroj\u0101 vai m\u0101j\u0101s \u2022 \u0112rti organiz\u0113t un uzglab\u0101t dokumentus \u2022 Izm\u0113rs: 318 x 73 x 272 mm \u2022 Iepakojum\u0101 4 gab.<\/p>\n","protected":false},"featured_media":16088,"template":"","meta":{"inline_featured_image":false},"product_cat":[71,297],"product_tag":[],"class_list":{"0":"post-16087","1":"product","2":"type-product","3":"status-publish","4":"has-post-thumbnail","6":"product_cat-biroja-preces","7":"product_cat-dokumentu-stativi","9":"first","10":"instock","11":"purchasable","12":"product-type-simple","13":"add-to-wishlist-after_add_to_cart"},"_links":{"self":[{"href":"https:\/\/alkaline.lv\/en\/wp-json\/wp\/v2\/product\/16087"}],"collection":[{"href":"https:\/\/alkaline.lv\/en\/wp-json\/wp\/v2\/product"}],"about":[{"href":"https:\/\/alkaline.lv\/en\/wp-json\/wp\/v2\/types\/product"}],"wp:featuredmedia":[{"embeddable":true,"href":"https:\/\/alkaline.lv\/en\/wp-json\/wp\/v2\/media\/16088"}],"wp:attachment":[{"href":"https:\/\/alkaline.lv\/en\/wp-json\/wp\/v2\/media?parent=16087"}],"wp:term":[{"taxonomy":"product_cat","embeddable":true,"href":"https:\/\/alkaline.lv\/en\/wp-json\/wp\/v2\/product_cat?post=16087"},{"taxonomy":"product_tag","embeddable":true,"href":"https:\/\/alkaline.lv\/en\/wp-json\/wp\/v2\/product_tag?post=16087"}],"curies":[{"name":"wp","href":"https:\/\/api.w.org\/{rel}","templated":true}]}}