{"id":16092,"date":"2022-05-31T18:08:28","date_gmt":"2022-05-31T15:08:28","guid":{"rendered":"https:\/\/alkaline.lv\/products\/galda-segums-forpus-caurspidigs-40-x-53-cm\/"},"modified":"2022-07-12T13:11:54","modified_gmt":"2022-07-12T10:11:54","slug":"galda-segums-forpus-caurspidigs-40-x-53-cm","status":"publish","type":"product","link":"https:\/\/alkaline.lv\/en\/products\/galda-segums-forpus-caurspidigs-40-x-53-cm\/","title":{"rendered":"Galda segums Forpus, caursp\u012bd\u012bgs, 40 x 53 cm"},"content":{"rendered":"<p>\u2022 Izgatavots no bieza caursp\u012bd\u012bga plastik\u0101ta <br \/>\u2022 nesl\u012bdo\u0161s <br \/>\u2022 izm\u0113rs 40 x 53 cm <br \/>\u2022 Iepakojum\u0101 15 gab. <br \/>\u2022 Kr\u0101sa melna<br \/>\u2022 Ra\u017eot\u0101ja preces kods  FO30594<\/p>\n","protected":false},"excerpt":{"rendered":"<p>\u2022 Izgatavots no bieza caursp\u012bd\u012bga plastik\u0101ta \u2022 nesl\u012bdo\u0161s \u2022 izm\u0113rs 40 x 53 cm \u2022 Iepakojum\u0101 15 gab. \u2022 Kr\u0101sa melna\u2022 Ra\u017eot\u0101ja preces kods FO30594<\/p>\n","protected":false},"featured_media":16093,"template":"","meta":{"inline_featured_image":false},"product_cat":[71,312],"product_tag":[],"class_list":{"0":"post-16092","1":"product","2":"type-product","3":"status-publish","4":"has-post-thumbnail","6":"product_cat-biroja-preces","7":"product_cat-galda-segumi","9":"first","10":"instock","11":"purchasable","12":"product-type-simple","13":"add-to-wishlist-after_add_to_cart"},"_links":{"self":[{"href":"https:\/\/alkaline.lv\/en\/wp-json\/wp\/v2\/product\/16092","targetHints":{"allow":["GET"]}}],"collection":[{"href":"https:\/\/alkaline.lv\/en\/wp-json\/wp\/v2\/product"}],"about":[{"href":"https:\/\/alkaline.lv\/en\/wp-json\/wp\/v2\/types\/product"}],"wp:featuredmedia":[{"embeddable":true,"href":"https:\/\/alkaline.lv\/en\/wp-json\/wp\/v2\/media\/16093"}],"wp:attachment":[{"href":"https:\/\/alkaline.lv\/en\/wp-json\/wp\/v2\/media?parent=16092"}],"wp:term":[{"taxonomy":"product_cat","embeddable":true,"href":"https:\/\/alkaline.lv\/en\/wp-json\/wp\/v2\/product_cat?post=16092"},{"taxonomy":"product_tag","embeddable":true,"href":"https:\/\/alkaline.lv\/en\/wp-json\/wp\/v2\/product_tag?post=16092"}],"curies":[{"name":"wp","href":"https:\/\/api.w.org\/{rel}","templated":true}]}}