{"id":16128,"date":"2022-05-31T18:08:50","date_gmt":"2022-05-31T15:08:50","guid":{"rendered":"https:\/\/alkaline.lv\/products\/flomasteri-berniem-carioca-baby-superwashiable-6-krasas\/"},"modified":"2022-07-12T13:27:30","modified_gmt":"2022-07-12T10:27:30","slug":"flomasteri-berniem-carioca-baby-superwashiable-6-krasas","status":"publish","type":"product","link":"https:\/\/alkaline.lv\/en\/products\/flomasteri-berniem-carioca-baby-superwashiable-6-krasas\/","title":{"rendered":"Flom\u0101steri b\u0113rniem CARIOCA BABY-Superwashiable 6 kr\u0101sas"},"content":{"rendered":"<p>Vecuma grupa 2+, viegli nomazg\u0101t ar \u016bdeni. Nesatur toksiskas vielas, ilgnotur\u012bgi, burv\u012bgas kr\u0101sas.<\/p>\n","protected":false},"excerpt":{"rendered":"<p>Vecuma grupa 2+, viegli nomazg\u0101t ar \u016bdeni. Nesatur toksiskas vielas, ilgnotur\u012bgi, burv\u012bgas kr\u0101sas.<\/p>\n","protected":false},"featured_media":16129,"template":"","meta":{"inline_featured_image":false},"product_cat":[335],"product_tag":[],"class_list":{"0":"post-16128","1":"product","2":"type-product","3":"status-publish","4":"has-post-thumbnail","6":"product_cat-flomasteri","8":"first","9":"instock","10":"purchasable","11":"product-type-simple","12":"add-to-wishlist-after_add_to_cart"},"_links":{"self":[{"href":"https:\/\/alkaline.lv\/en\/wp-json\/wp\/v2\/product\/16128"}],"collection":[{"href":"https:\/\/alkaline.lv\/en\/wp-json\/wp\/v2\/product"}],"about":[{"href":"https:\/\/alkaline.lv\/en\/wp-json\/wp\/v2\/types\/product"}],"wp:featuredmedia":[{"embeddable":true,"href":"https:\/\/alkaline.lv\/en\/wp-json\/wp\/v2\/media\/16129"}],"wp:attachment":[{"href":"https:\/\/alkaline.lv\/en\/wp-json\/wp\/v2\/media?parent=16128"}],"wp:term":[{"taxonomy":"product_cat","embeddable":true,"href":"https:\/\/alkaline.lv\/en\/wp-json\/wp\/v2\/product_cat?post=16128"},{"taxonomy":"product_tag","embeddable":true,"href":"https:\/\/alkaline.lv\/en\/wp-json\/wp\/v2\/product_tag?post=16128"}],"curies":[{"name":"wp","href":"https:\/\/api.w.org\/{rel}","templated":true}]}}