{"id":16131,"date":"2022-05-31T18:08:50","date_gmt":"2022-05-31T15:08:50","guid":{"rendered":"https:\/\/alkaline.lv\/products\/flomasteri-berniem-carioca-12-krasas\/"},"modified":"2025-11-30T16:30:39","modified_gmt":"2025-11-30T14:30:39","slug":"flomasteri-berniem-carioca-12-krasas","status":"publish","type":"product","link":"https:\/\/alkaline.lv\/en\/products\/flomasteri-berniem-carioca-12-krasas\/","title":{"rendered":"Flomasteri b\u0113rniem CARIOCA, 12 kr\u0101sas"},"content":{"rendered":"<p>\u2022Augstas kvalit\u0101tes flomasteri \u2022speci\u0101li izstr\u0101d\u0101ti maziem b\u0113rniem \u2022tinte uz \u016bdens b\u0101zes, viegli izmazg\u0101jama no auduma un rok\u0101m<\/p>\n","protected":false},"excerpt":{"rendered":"<p>\u2022Augstas kvalit\u0101tes flomasteri \u2022speci\u0101li izstr\u0101d\u0101ti maziem b\u0113rniem \u2022tinte uz \u016bdens b\u0101zes, viegli izmazg\u0101jama no auduma un rok\u0101m<\/p>\n","protected":false},"featured_media":16132,"template":"","meta":{"inline_featured_image":false},"product_cat":[335],"product_tag":[],"class_list":{"0":"post-16131","1":"product","2":"type-product","3":"status-publish","4":"has-post-thumbnail","6":"product_cat-flomasteri","8":"first","9":"instock","10":"purchasable","11":"product-type-simple","12":"add-to-wishlist-after_add_to_cart"},"_links":{"self":[{"href":"https:\/\/alkaline.lv\/en\/wp-json\/wp\/v2\/product\/16131"}],"collection":[{"href":"https:\/\/alkaline.lv\/en\/wp-json\/wp\/v2\/product"}],"about":[{"href":"https:\/\/alkaline.lv\/en\/wp-json\/wp\/v2\/types\/product"}],"wp:featuredmedia":[{"embeddable":true,"href":"https:\/\/alkaline.lv\/en\/wp-json\/wp\/v2\/media\/16132"}],"wp:attachment":[{"href":"https:\/\/alkaline.lv\/en\/wp-json\/wp\/v2\/media?parent=16131"}],"wp:term":[{"taxonomy":"product_cat","embeddable":true,"href":"https:\/\/alkaline.lv\/en\/wp-json\/wp\/v2\/product_cat?post=16131"},{"taxonomy":"product_tag","embeddable":true,"href":"https:\/\/alkaline.lv\/en\/wp-json\/wp\/v2\/product_tag?post=16131"}],"curies":[{"name":"wp","href":"https:\/\/api.w.org\/{rel}","templated":true}]}}