{"id":16169,"date":"2022-05-31T18:09:15","date_gmt":"2022-05-31T15:09:15","guid":{"rendered":"https:\/\/alkaline.lv\/products\/noturigais-markieris-pilot-marker-100-konisks-serdenis-melns\/"},"modified":"2022-07-12T13:08:07","modified_gmt":"2022-07-12T10:08:07","slug":"noturigais-markieris-pilot-marker-100-konisks-serdenis-melns","status":"publish","type":"product","link":"https:\/\/alkaline.lv\/en\/products\/noturigais-markieris-pilot-marker-100-konisks-serdenis-melns\/","title":{"rendered":"Notur\u012bgais mar\u0137ieris PILOT MARKER 100 konisks serdenis, melns"},"content":{"rendered":"<p>\u2022 Plastmasas korpuss<br \/>\n\u2022 Piem\u0113rots darbam ar da\u017e\u0101d\u0101m virsm\u0101m &#8211; koka, met\u0101la, plastmasas u.c.<br \/>\n\u2022 \u016adens, gaismas, aukstum\/ karstumiztur\u012bgs<br \/>\n\u2022 Var atst\u0101t bez v\u0101ci\u0146a l\u012bdz 24 stund\u0101m<br \/>\n\u2022 Konisks serdenis &#8211; l\u012bnijas platums 1.0 mm<\/p>\n","protected":false},"excerpt":{"rendered":"<p>\u2022 Plastmasas korpuss \u2022 Piem\u0113rots darbam ar da\u017e\u0101d\u0101m virsm\u0101m &#8211; koka, met\u0101la, plastmasas u.c. \u2022 \u016adens, gaismas, aukstum\/ karstumiztur\u012bgs \u2022 Var atst\u0101t bez v\u0101ci\u0146a l\u012bdz 24 stund\u0101m \u2022 Konisks serdenis &#8211; l\u012bnijas platums 1.0 mm<\/p>\n","protected":false},"featured_media":16170,"template":"","meta":{"inline_featured_image":false},"product_cat":[338],"product_tag":[],"class_list":{"0":"post-16169","1":"product","2":"type-product","3":"status-publish","4":"has-post-thumbnail","6":"product_cat-permanentie-markieri","8":"first","9":"instock","10":"purchasable","11":"product-type-simple","12":"add-to-wishlist-after_add_to_cart"},"_links":{"self":[{"href":"https:\/\/alkaline.lv\/en\/wp-json\/wp\/v2\/product\/16169"}],"collection":[{"href":"https:\/\/alkaline.lv\/en\/wp-json\/wp\/v2\/product"}],"about":[{"href":"https:\/\/alkaline.lv\/en\/wp-json\/wp\/v2\/types\/product"}],"wp:featuredmedia":[{"embeddable":true,"href":"https:\/\/alkaline.lv\/en\/wp-json\/wp\/v2\/media\/16170"}],"wp:attachment":[{"href":"https:\/\/alkaline.lv\/en\/wp-json\/wp\/v2\/media?parent=16169"}],"wp:term":[{"taxonomy":"product_cat","embeddable":true,"href":"https:\/\/alkaline.lv\/en\/wp-json\/wp\/v2\/product_cat?post=16169"},{"taxonomy":"product_tag","embeddable":true,"href":"https:\/\/alkaline.lv\/en\/wp-json\/wp\/v2\/product_tag?post=16169"}],"curies":[{"name":"wp","href":"https:\/\/api.w.org\/{rel}","templated":true}]}}