{"id":16621,"date":"2022-05-31T18:12:32","date_gmt":"2022-05-31T15:12:32","guid":{"rendered":"https:\/\/alkaline.lv\/products\/lodisu-pildspalva-schneider-perlia-perlu-balta-krasa-korpuss-zila-tinte\/"},"modified":"2022-07-12T13:06:50","modified_gmt":"2022-07-12T10:06:50","slug":"lodisu-pildspalva-schneider-perlia-perlu-balta-krasa-korpuss-zila-tinte","status":"publish","type":"product","link":"https:\/\/alkaline.lv\/en\/products\/lodisu-pildspalva-schneider-perlia-perlu-balta-krasa-korpuss-zila-tinte\/","title":{"rendered":"Lod\u012b\u0161u pildspalva SCHNEIDER PERLIA, p\u0113r\u013cu balta kr\u0101sa korpuss, zila tinte"},"content":{"rendered":"<p>\u2022 P\u0113r\u013cu balta kr\u0101sa korpuss<br \/>\n\u2022 Autom\u0101tiska<br \/>\n\u2022 Zila tinte<br \/>\n\u2022 Iztur\u012bgs met\u0101la klipsis<br \/>\n\u2022 Main\u0101ms serdenis SLIDER 755<br \/>\n\u2022 Viscoglide\u00ae tehnolo\u0123ija sniedz pat\u012bkamu un z\u012bdainu rakst\u012b\u0161anas saj\u016btu<br \/>\n\u2022 Necaurlaid\u012bgs ner\u016bs\u0113jo\u0161\u0101 t\u0113rauda uzgalis<br \/>\n\u2022 \u016adensiztur\u012bga tinte atbilsto\u0161a ISO 12757-2 standartam<\/p>\n","protected":false},"excerpt":{"rendered":"<p>\u2022 P\u0113r\u013cu balta kr\u0101sa korpuss \u2022 Autom\u0101tiska \u2022 Zila tinte \u2022 Iztur\u012bgs met\u0101la klipsis \u2022 Main\u0101ms serdenis SLIDER 755 \u2022 Viscoglide\u00ae tehnolo\u0123ija sniedz pat\u012bkamu un z\u012bdainu rakst\u012b\u0161anas saj\u016btu \u2022 Necaurlaid\u012bgs ner\u016bs\u0113jo\u0161\u0101 t\u0113rauda uzgalis \u2022 \u016adensiztur\u012bga tinte atbilsto\u0161a ISO 12757-2 standartam<\/p>\n","protected":false},"featured_media":16622,"template":"","meta":{"inline_featured_image":false},"product_cat":[541],"product_tag":[],"class_list":{"0":"post-16621","1":"product","2":"type-product","3":"status-publish","4":"has-post-thumbnail","6":"product_cat-lodisu-pildspalvas-2","8":"first","9":"instock","10":"purchasable","11":"product-type-simple","12":"add-to-wishlist-after_add_to_cart"},"_links":{"self":[{"href":"https:\/\/alkaline.lv\/en\/wp-json\/wp\/v2\/product\/16621"}],"collection":[{"href":"https:\/\/alkaline.lv\/en\/wp-json\/wp\/v2\/product"}],"about":[{"href":"https:\/\/alkaline.lv\/en\/wp-json\/wp\/v2\/types\/product"}],"wp:featuredmedia":[{"embeddable":true,"href":"https:\/\/alkaline.lv\/en\/wp-json\/wp\/v2\/media\/16622"}],"wp:attachment":[{"href":"https:\/\/alkaline.lv\/en\/wp-json\/wp\/v2\/media?parent=16621"}],"wp:term":[{"taxonomy":"product_cat","embeddable":true,"href":"https:\/\/alkaline.lv\/en\/wp-json\/wp\/v2\/product_cat?post=16621"},{"taxonomy":"product_tag","embeddable":true,"href":"https:\/\/alkaline.lv\/en\/wp-json\/wp\/v2\/product_tag?post=16621"}],"curies":[{"name":"wp","href":"https:\/\/api.w.org\/{rel}","templated":true}]}}