{"id":16633,"date":"2022-05-31T18:12:32","date_gmt":"2022-05-31T15:12:32","guid":{"rendered":"https:\/\/alkaline.lv\/products\/pildspalva-komplekta-ar-a6-liniju-bloknotu-scrikss-red-motocycle-davanu-kastite\/"},"modified":"2022-07-12T13:14:24","modified_gmt":"2022-07-12T10:14:24","slug":"pildspalva-komplekta-ar-a6-liniju-bloknotu-scrikss-red-motocycle-davanu-kastite","status":"publish","type":"product","link":"https:\/\/alkaline.lv\/en\/products\/pildspalva-komplekta-ar-a6-liniju-bloknotu-scrikss-red-motocycle-davanu-kastite\/","title":{"rendered":"Pildspalva komplekt\u0101 ar A6 l\u012bniju bloknotu SCRIKSS RED MOTOCYCLE d\u0101vanu kast\u012bt\u0113"},"content":{"rendered":"","protected":false},"excerpt":{"rendered":"","protected":false},"featured_media":16634,"template":"","meta":{"inline_featured_image":false},"product_cat":[676],"product_tag":[],"class_list":{"0":"post-16633","1":"product","2":"type-product","3":"status-publish","4":"has-post-thumbnail","6":"product_cat-pildspalvu-komplekti","8":"first","9":"instock","10":"purchasable","11":"product-type-simple","12":"add-to-wishlist-after_add_to_cart"},"_links":{"self":[{"href":"https:\/\/alkaline.lv\/en\/wp-json\/wp\/v2\/product\/16633"}],"collection":[{"href":"https:\/\/alkaline.lv\/en\/wp-json\/wp\/v2\/product"}],"about":[{"href":"https:\/\/alkaline.lv\/en\/wp-json\/wp\/v2\/types\/product"}],"wp:featuredmedia":[{"embeddable":true,"href":"https:\/\/alkaline.lv\/en\/wp-json\/wp\/v2\/media\/16634"}],"wp:attachment":[{"href":"https:\/\/alkaline.lv\/en\/wp-json\/wp\/v2\/media?parent=16633"}],"wp:term":[{"taxonomy":"product_cat","embeddable":true,"href":"https:\/\/alkaline.lv\/en\/wp-json\/wp\/v2\/product_cat?post=16633"},{"taxonomy":"product_tag","embeddable":true,"href":"https:\/\/alkaline.lv\/en\/wp-json\/wp\/v2\/product_tag?post=16633"}],"curies":[{"name":"wp","href":"https:\/\/api.w.org\/{rel}","templated":true}]}}