{"id":16733,"date":"2022-05-31T18:13:14","date_gmt":"2022-05-31T15:13:14","guid":{"rendered":"https:\/\/alkaline.lv\/products\/lodisu-pildspalva-claro-acer-0-7-mm-melna\/"},"modified":"2022-07-12T13:06:11","modified_gmt":"2022-07-12T10:06:11","slug":"lodisu-pildspalva-claro-acer-0-7-mm-melna","status":"publish","type":"product","link":"https:\/\/alkaline.lv\/en\/products\/lodisu-pildspalva-claro-acer-0-7-mm-melna\/","title":{"rendered":"Lod\u012b\u0161u pildspalva CLARO ACER 0.7 mm, melna"},"content":{"rendered":"<p>\u2022 Stil\u012bgs dizains<\/p>\n<p>\u2022 Eleganti izstr\u0101d\u0101ts produkts rakst\u012b\u0161anai bez stresa<\/p>\n<p>\u2022 Ar gumijotu satv\u0113riena zonu \u0113rt\u0101kai rakst\u012b\u0161anai<\/p>\n<p>\u2022 Sudraba ni\u0137e\u013ca gals<\/p>\n<p>\u2022 Triecieniztur\u012bga lod\u012bte<\/p>\n<p>\u2022 Zemas viskozit\u0101tes tinte &#8211; \u012bpa\u0161i gludai rakst\u012b\u0161anai<\/p>\n<p>\u2022 Izgatavots no netoksiska materi\u0101la<\/p>\n<p>\u2022 Melna tinte<\/p>\n<p>\u2022 Lod\u012btes diametrs: 0.7 mm<\/p>\n","protected":false},"excerpt":{"rendered":"<p>\u2022 Stil\u012bgs dizains \u2022 Eleganti izstr\u0101d\u0101ts produkts rakst\u012b\u0161anai bez stresa \u2022 Ar gumijotu satv\u0113riena zonu \u0113rt\u0101kai rakst\u012b\u0161anai \u2022 Sudraba ni\u0137e\u013ca gals \u2022 Triecieniztur\u012bga lod\u012bte \u2022 Zemas viskozit\u0101tes tinte &#8211; \u012bpa\u0161i gludai rakst\u012b\u0161anai \u2022 Izgatavots no netoksiska materi\u0101la \u2022 Melna tinte \u2022 Lod\u012btes diametrs: 0.7 mm<\/p>\n","protected":false},"featured_media":16735,"template":"","meta":{"inline_featured_image":false},"product_cat":[541],"product_tag":[],"class_list":{"0":"post-16733","1":"product","2":"type-product","3":"status-publish","4":"has-post-thumbnail","6":"product_cat-lodisu-pildspalvas-2","8":"first","9":"instock","10":"purchasable","11":"product-type-simple","12":"add-to-wishlist-after_add_to_cart"},"_links":{"self":[{"href":"https:\/\/alkaline.lv\/en\/wp-json\/wp\/v2\/product\/16733"}],"collection":[{"href":"https:\/\/alkaline.lv\/en\/wp-json\/wp\/v2\/product"}],"about":[{"href":"https:\/\/alkaline.lv\/en\/wp-json\/wp\/v2\/types\/product"}],"wp:featuredmedia":[{"embeddable":true,"href":"https:\/\/alkaline.lv\/en\/wp-json\/wp\/v2\/media\/16735"}],"wp:attachment":[{"href":"https:\/\/alkaline.lv\/en\/wp-json\/wp\/v2\/media?parent=16733"}],"wp:term":[{"taxonomy":"product_cat","embeddable":true,"href":"https:\/\/alkaline.lv\/en\/wp-json\/wp\/v2\/product_cat?post=16733"},{"taxonomy":"product_tag","embeddable":true,"href":"https:\/\/alkaline.lv\/en\/wp-json\/wp\/v2\/product_tag?post=16733"}],"curies":[{"name":"wp","href":"https:\/\/api.w.org\/{rel}","templated":true}]}}