{"id":17077,"date":"2022-05-31T18:15:33","date_gmt":"2022-05-31T15:15:33","guid":{"rendered":"https:\/\/alkaline.lv\/products\/pretslides-limlente-tesa-anti-slip-udensizturiga-melna-5m-x-25mm\/"},"modified":"2022-05-31T21:04:11","modified_gmt":"2022-05-31T18:04:11","slug":"pretslides-limlente-tesa-anti-slip-udensizturiga-melna-5m-x-25mm","status":"publish","type":"product","link":"https:\/\/alkaline.lv\/en\/products\/pretslides-limlente-tesa-anti-slip-udensizturiga-melna-5m-x-25mm\/","title":{"rendered":"Pretsl\u012bdes l\u012bmlente tesa\u00ae Anti-Slip, \u016bdensiztur\u012bga, melna, 5m x 25mm"},"content":{"rendered":"<p> \u2022 L\u012bmlente tesa\u00ae Anti-Slip ir nepiecie\u0161ama visur, kur vajag par\u016bp\u0113ties par dro\u0161u pamatni <br \/> \u2022 Ide\u0101la aizsardz\u012bba, lai nov\u0113rstu negad\u012bjumus uz pak\u0101pieniem, uzbrauktuv\u0113m, k\u0101pn\u0113m, laivu korpusiem un cit\u0101m sliden\u0101m virsm\u0101m <br \/> \u2022 Piem\u0113rota lieto\u0161anai iek\u0161telp\u0101s un \u0101rpus t\u0101m <br \/> \u2022 Iztur\u012bga pret s\u0101ls\u016bdeni, UV stariem un t\u012br\u012b\u0161anas l\u012bdzek\u013ciem<\/p>\n","protected":false},"excerpt":{"rendered":"<p>\u2022 L\u012bmlente tesa\u00ae Anti-Slip ir nepiecie\u0161ama visur, kur vajag par\u016bp\u0113ties par dro\u0161u pamatni \u2022 Ide\u0101la aizsardz\u012bba, lai nov\u0113rstu negad\u012bjumus uz pak\u0101pieniem, uzbrauktuv\u0113m, k\u0101pn\u0113m, laivu korpusiem un cit\u0101m sliden\u0101m virsm\u0101m \u2022 Piem\u0113rota lieto\u0161anai iek\u0161telp\u0101s un \u0101rpus t\u0101m \u2022 Iztur\u012bga pret s\u0101ls\u016bdeni, UV stariem un t\u012br\u012b\u0161anas l\u012bdzek\u013ciem<\/p>\n","protected":false},"featured_media":17078,"template":"","meta":{"inline_featured_image":false},"product_cat":[71],"product_tag":[],"class_list":{"0":"post-17077","1":"product","2":"type-product","3":"status-publish","4":"has-post-thumbnail","6":"product_cat-biroja-preces","8":"first","9":"outofstock","10":"purchasable","11":"product-type-simple","12":"add-to-wishlist-after_add_to_cart"},"_links":{"self":[{"href":"https:\/\/alkaline.lv\/en\/wp-json\/wp\/v2\/product\/17077","targetHints":{"allow":["GET"]}}],"collection":[{"href":"https:\/\/alkaline.lv\/en\/wp-json\/wp\/v2\/product"}],"about":[{"href":"https:\/\/alkaline.lv\/en\/wp-json\/wp\/v2\/types\/product"}],"wp:featuredmedia":[{"embeddable":true,"href":"https:\/\/alkaline.lv\/en\/wp-json\/wp\/v2\/media\/17078"}],"wp:attachment":[{"href":"https:\/\/alkaline.lv\/en\/wp-json\/wp\/v2\/media?parent=17077"}],"wp:term":[{"taxonomy":"product_cat","embeddable":true,"href":"https:\/\/alkaline.lv\/en\/wp-json\/wp\/v2\/product_cat?post=17077"},{"taxonomy":"product_tag","embeddable":true,"href":"https:\/\/alkaline.lv\/en\/wp-json\/wp\/v2\/product_tag?post=17077"}],"curies":[{"name":"wp","href":"https:\/\/api.w.org\/{rel}","templated":true}]}}