{"id":17104,"date":"2022-05-31T18:15:42","date_gmt":"2022-05-31T15:15:42","guid":{"rendered":"https:\/\/alkaline.lv\/products\/flomasteri-carioca-pastel-8-krasas\/"},"modified":"2022-06-15T00:50:34","modified_gmt":"2022-06-14T21:50:34","slug":"flomasteri-carioca-pastel-8-krasas","status":"publish","type":"product","link":"https:\/\/alkaline.lv\/en\/products\/flomasteri-carioca-pastel-8-krasas\/","title":{"rendered":"Flomasteri CARIOCA Pastel, 8 kr\u0101sas"},"content":{"rendered":"<p>\u2022 Izgatavots uz \u016bdens b\u0101zes<\/p>\n<p>\u2022 Tinti var viegli nomazg\u0101t<\/p>\n<p>\u2022 Iepakojum\u0101 8 gab., paste\u013ckr\u0101sas<\/p>\n","protected":false},"excerpt":{"rendered":"<p>\u2022 Izgatavots uz \u016bdens b\u0101zes \u2022 Tinti var viegli nomazg\u0101t \u2022 Iepakojum\u0101 8 gab., paste\u013ckr\u0101sas<\/p>\n","protected":false},"featured_media":17105,"template":"","meta":{"inline_featured_image":false},"product_cat":[335],"product_tag":[],"class_list":{"0":"post-17104","1":"product","2":"type-product","3":"status-publish","4":"has-post-thumbnail","6":"product_cat-flomasteri","8":"first","9":"outofstock","10":"purchasable","11":"product-type-simple","12":"add-to-wishlist-after_add_to_cart"},"_links":{"self":[{"href":"https:\/\/alkaline.lv\/en\/wp-json\/wp\/v2\/product\/17104"}],"collection":[{"href":"https:\/\/alkaline.lv\/en\/wp-json\/wp\/v2\/product"}],"about":[{"href":"https:\/\/alkaline.lv\/en\/wp-json\/wp\/v2\/types\/product"}],"wp:featuredmedia":[{"embeddable":true,"href":"https:\/\/alkaline.lv\/en\/wp-json\/wp\/v2\/media\/17105"}],"wp:attachment":[{"href":"https:\/\/alkaline.lv\/en\/wp-json\/wp\/v2\/media?parent=17104"}],"wp:term":[{"taxonomy":"product_cat","embeddable":true,"href":"https:\/\/alkaline.lv\/en\/wp-json\/wp\/v2\/product_cat?post=17104"},{"taxonomy":"product_tag","embeddable":true,"href":"https:\/\/alkaline.lv\/en\/wp-json\/wp\/v2\/product_tag?post=17104"}],"curies":[{"name":"wp","href":"https:\/\/api.w.org\/{rel}","templated":true}]}}