{"id":17117,"date":"2022-05-31T18:15:53","date_gmt":"2022-05-31T15:15:53","guid":{"rendered":"https:\/\/alkaline.lv\/products\/lime-pva-carioca-100-g\/"},"modified":"2022-07-12T13:09:33","modified_gmt":"2022-07-12T10:09:33","slug":"lime-pva-carioca-100-g","status":"publish","type":"product","link":"https:\/\/alkaline.lv\/en\/products\/lime-pva-carioca-100-g\/","title":{"rendered":"L\u012bme PVA CARIOCA, 100 g"},"content":{"rendered":"<p>\u2022 Skr\u016bv\u0113jams kor\u0137is<br \/>\n\u2022 Piem\u0113rots pap\u012bram un kartonam<br \/>\n\u2022 \u017d\u0101v\u0113jot, k\u013c\u016bst caursp\u012bd\u012bgs<\/p>\n<p>\u2022 Nesatur \u0161\u0137\u012bdin\u0101t\u0101jus<\/p>\n","protected":false},"excerpt":{"rendered":"<p>\u2022 Skr\u016bv\u0113jams kor\u0137is \u2022 Piem\u0113rots pap\u012bram un kartonam \u2022 \u017d\u0101v\u0113jot, k\u013c\u016bst caursp\u012bd\u012bgs \u2022 Nesatur \u0161\u0137\u012bdin\u0101t\u0101jus<\/p>\n","protected":false},"featured_media":17118,"template":"","meta":{"inline_featured_image":false},"product_cat":[318],"product_tag":[],"class_list":{"0":"post-17117","1":"product","2":"type-product","3":"status-publish","4":"has-post-thumbnail","6":"product_cat-limes","8":"first","9":"outofstock","10":"purchasable","11":"product-type-simple","12":"add-to-wishlist-after_add_to_cart"},"_links":{"self":[{"href":"https:\/\/alkaline.lv\/en\/wp-json\/wp\/v2\/product\/17117","targetHints":{"allow":["GET"]}}],"collection":[{"href":"https:\/\/alkaline.lv\/en\/wp-json\/wp\/v2\/product"}],"about":[{"href":"https:\/\/alkaline.lv\/en\/wp-json\/wp\/v2\/types\/product"}],"wp:featuredmedia":[{"embeddable":true,"href":"https:\/\/alkaline.lv\/en\/wp-json\/wp\/v2\/media\/17118"}],"wp:attachment":[{"href":"https:\/\/alkaline.lv\/en\/wp-json\/wp\/v2\/media?parent=17117"}],"wp:term":[{"taxonomy":"product_cat","embeddable":true,"href":"https:\/\/alkaline.lv\/en\/wp-json\/wp\/v2\/product_cat?post=17117"},{"taxonomy":"product_tag","embeddable":true,"href":"https:\/\/alkaline.lv\/en\/wp-json\/wp\/v2\/product_tag?post=17117"}],"curies":[{"name":"wp","href":"https:\/\/api.w.org\/{rel}","templated":true}]}}