{"id":17446,"date":"2022-05-31T18:18:00","date_gmt":"2022-05-31T15:18:00","guid":{"rendered":"https:\/\/alkaline.lv\/products\/krasojosais-rullis-carioca-under-the-sea-200-x30-cm-8-zimuli\/"},"modified":"2022-07-12T13:28:29","modified_gmt":"2022-07-12T10:28:29","slug":"krasojosais-rullis-carioca-under-the-sea-200-x30-cm-8-zimuli","status":"publish","type":"product","link":"https:\/\/alkaline.lv\/en\/products\/krasojosais-rullis-carioca-under-the-sea-200-x30-cm-8-zimuli\/","title":{"rendered":"Kr\u0101sojo\u0161ais rullis CARIOCA Under the Sea, 200 x30 cm, + 8 Z\u012bmu\u013ci"},"content":{"rendered":"<p>\u00b7 Pa\u0161l\u012bm\u0113jam\u0101 pap\u012bra rullis CARIOCA Under the Sea, 198 cm x 30 cm, un 8 da\u017e\u0101du kr\u0101su z\u012bmu\u013ci.<br \/>\n\u00b7 Piem\u0113rojams vertik\u0101l\u0101m vai horizont\u0101l\u0101m virsm\u0101m.<br \/>\n\u00b7 neatst\u0101j paliekas.<br \/>\n\u00b7 To var piestiprin\u0101t un atk\u0101rtoti piestiprin\u0101t vair\u0101kas reizes.<\/p>\n","protected":false},"excerpt":{"rendered":"<p>\u00b7 Pa\u0161l\u012bm\u0113jam\u0101 pap\u012bra rullis CARIOCA Under the Sea, 198 cm x 30 cm, un 8 da\u017e\u0101du kr\u0101su z\u012bmu\u013ci. \u00b7 Piem\u0113rojams vertik\u0101l\u0101m vai horizont\u0101l\u0101m virsm\u0101m. \u00b7 neatst\u0101j paliekas. \u00b7 To var piestiprin\u0101t un atk\u0101rtoti piestiprin\u0101t vair\u0101kas reizes.<\/p>\n","protected":false},"featured_media":17447,"template":"","meta":{"inline_featured_image":false},"product_cat":[553],"product_tag":[],"class_list":{"0":"post-17446","1":"product","2":"type-product","3":"status-publish","4":"has-post-thumbnail","6":"product_cat-zimuli","8":"first","9":"instock","10":"purchasable","11":"product-type-simple","12":"add-to-wishlist-after_add_to_cart"},"_links":{"self":[{"href":"https:\/\/alkaline.lv\/en\/wp-json\/wp\/v2\/product\/17446","targetHints":{"allow":["GET"]}}],"collection":[{"href":"https:\/\/alkaline.lv\/en\/wp-json\/wp\/v2\/product"}],"about":[{"href":"https:\/\/alkaline.lv\/en\/wp-json\/wp\/v2\/types\/product"}],"wp:featuredmedia":[{"embeddable":true,"href":"https:\/\/alkaline.lv\/en\/wp-json\/wp\/v2\/media\/17447"}],"wp:attachment":[{"href":"https:\/\/alkaline.lv\/en\/wp-json\/wp\/v2\/media?parent=17446"}],"wp:term":[{"taxonomy":"product_cat","embeddable":true,"href":"https:\/\/alkaline.lv\/en\/wp-json\/wp\/v2\/product_cat?post=17446"},{"taxonomy":"product_tag","embeddable":true,"href":"https:\/\/alkaline.lv\/en\/wp-json\/wp\/v2\/product_tag?post=17446"}],"curies":[{"name":"wp","href":"https:\/\/api.w.org\/{rel}","templated":true}]}}