{"id":17491,"date":"2022-05-31T18:18:21","date_gmt":"2022-05-31T15:18:21","guid":{"rendered":"https:\/\/alkaline.lv\/products\/krasainie-zimuli-carioca-tita-trissturveida-24gab\/"},"modified":"2022-06-15T09:11:05","modified_gmt":"2022-06-15T06:11:05","slug":"krasainie-zimuli-carioca-tita-trissturveida-24gab","status":"publish","type":"product","link":"https:\/\/alkaline.lv\/en\/products\/krasainie-zimuli-carioca-tita-trissturveida-24gab\/","title":{"rendered":"Kr\u0101sainie z\u012bmu\u013ci CARIOCA TITA, tr\u012bsst\u016brveida, 24gab"},"content":{"rendered":"<p>\u00b7 Kr\u0101sainie z\u012bmu\u013ci CARIOCA TITA.<br \/>\n\u00b7 24 z\u012bmu\u013cu kast\u012bte.<br \/>\n\u00b7 Iztur\u012bgi, gr\u016bti salau\u017eami<\/p>\n<p>\u00b7 Tr\u012bsst\u016brveida korpuss.<br \/>\n\u00b7 Spilgtas kr\u0101sas un maiga rakst\u012bba.<br \/>\n\u00b7 Dro\u0161s un \u013coti iztur\u012bgs pret kri\u0161anas uzgalis &#8211; 3 mm, viegli asin\u0101ms.<\/p>\n","protected":false},"excerpt":{"rendered":"<p>\u00b7 Kr\u0101sainie z\u012bmu\u013ci CARIOCA TITA. \u00b7 24 z\u012bmu\u013cu kast\u012bte. \u00b7 Iztur\u012bgi, gr\u016bti salau\u017eami \u00b7 Tr\u012bsst\u016brveida korpuss. \u00b7 Spilgtas kr\u0101sas un maiga rakst\u012bba. \u00b7 Dro\u0161s un \u013coti iztur\u012bgs pret kri\u0161anas uzgalis &#8211; 3 mm, viegli asin\u0101ms.<\/p>\n","protected":false},"featured_media":17492,"template":"","meta":{"inline_featured_image":false},"product_cat":[553],"product_tag":[],"class_list":{"0":"post-17491","1":"product","2":"type-product","3":"status-publish","4":"has-post-thumbnail","6":"product_cat-zimuli","8":"first","9":"outofstock","10":"purchasable","11":"product-type-simple","12":"add-to-wishlist-after_add_to_cart"},"_links":{"self":[{"href":"https:\/\/alkaline.lv\/en\/wp-json\/wp\/v2\/product\/17491"}],"collection":[{"href":"https:\/\/alkaline.lv\/en\/wp-json\/wp\/v2\/product"}],"about":[{"href":"https:\/\/alkaline.lv\/en\/wp-json\/wp\/v2\/types\/product"}],"wp:featuredmedia":[{"embeddable":true,"href":"https:\/\/alkaline.lv\/en\/wp-json\/wp\/v2\/media\/17492"}],"wp:attachment":[{"href":"https:\/\/alkaline.lv\/en\/wp-json\/wp\/v2\/media?parent=17491"}],"wp:term":[{"taxonomy":"product_cat","embeddable":true,"href":"https:\/\/alkaline.lv\/en\/wp-json\/wp\/v2\/product_cat?post=17491"},{"taxonomy":"product_tag","embeddable":true,"href":"https:\/\/alkaline.lv\/en\/wp-json\/wp\/v2\/product_tag?post=17491"}],"curies":[{"name":"wp","href":"https:\/\/api.w.org\/{rel}","templated":true}]}}