{"id":17557,"date":"2022-05-31T18:18:41","date_gmt":"2022-05-31T15:18:41","guid":{"rendered":"https:\/\/alkaline.lv\/products\/krasainie-zimuli-kores-kolores-pastel-trissturveida-3mm-12-pastelkrasas\/"},"modified":"2022-07-12T13:27:10","modified_gmt":"2022-07-12T10:27:10","slug":"krasainie-zimuli-kores-kolores-pastel-trissturveida-3mm-12-pastelkrasas","status":"publish","type":"product","link":"https:\/\/alkaline.lv\/en\/products\/krasainie-zimuli-kores-kolores-pastel-trissturveida-3mm-12-pastelkrasas\/","title":{"rendered":"Kr\u0101sainie z\u012bmu\u013ci KORES KOLORES PASTEL, tr\u012bsst\u016brveida, 3mm, 12 paste\u013ckr\u0101sas"},"content":{"rendered":"<p>Kr\u0101sainie z\u012bmu\u013ci KORES KOLORES PASTEL.<br \/>\nIepakojum\u0101 12gab. paste\u013cto\u0146u z\u012bmu\u013ci.<br \/>\nTr\u012bsst\u016bra forma.<br \/>\nAugstas kvalit\u0101tes koksne vieglai asin\u0101\u0161anai.<br \/>\n\u012apa\u0161i paste\u013ckr\u0101su pigmenti intens\u012bv\u0101m un dinamisk\u0101m kr\u0101s\u0101m.<br \/>\nNetoksiski, dro\u0161i b\u0113rniem.<br \/>\nZ\u012bmu\u013ca uzgalis &#8211; 3mm.<\/p>\n","protected":false},"excerpt":{"rendered":"<p>Kr\u0101sainie z\u012bmu\u013ci KORES KOLORES PASTEL. Iepakojum\u0101 12gab. paste\u013cto\u0146u z\u012bmu\u013ci. Tr\u012bsst\u016bra forma. Augstas kvalit\u0101tes koksne vieglai asin\u0101\u0161anai. \u012apa\u0161i paste\u013ckr\u0101su pigmenti intens\u012bv\u0101m un dinamisk\u0101m kr\u0101s\u0101m. Netoksiski, dro\u0161i b\u0113rniem. Z\u012bmu\u013ca uzgalis &#8211; 3mm.<\/p>\n","protected":false},"featured_media":17558,"template":"","meta":{"inline_featured_image":false},"product_cat":[553],"product_tag":[],"class_list":{"0":"post-17557","1":"product","2":"type-product","3":"status-publish","4":"has-post-thumbnail","6":"product_cat-zimuli","8":"first","9":"instock","10":"purchasable","11":"product-type-simple","12":"add-to-wishlist-after_add_to_cart"},"_links":{"self":[{"href":"https:\/\/alkaline.lv\/en\/wp-json\/wp\/v2\/product\/17557"}],"collection":[{"href":"https:\/\/alkaline.lv\/en\/wp-json\/wp\/v2\/product"}],"about":[{"href":"https:\/\/alkaline.lv\/en\/wp-json\/wp\/v2\/types\/product"}],"wp:featuredmedia":[{"embeddable":true,"href":"https:\/\/alkaline.lv\/en\/wp-json\/wp\/v2\/media\/17558"}],"wp:attachment":[{"href":"https:\/\/alkaline.lv\/en\/wp-json\/wp\/v2\/media?parent=17557"}],"wp:term":[{"taxonomy":"product_cat","embeddable":true,"href":"https:\/\/alkaline.lv\/en\/wp-json\/wp\/v2\/product_cat?post=17557"},{"taxonomy":"product_tag","embeddable":true,"href":"https:\/\/alkaline.lv\/en\/wp-json\/wp\/v2\/product_tag?post=17557"}],"curies":[{"name":"wp","href":"https:\/\/api.w.org\/{rel}","templated":true}]}}