{"id":17563,"date":"2022-05-31T18:18:41","date_gmt":"2022-05-31T15:18:41","guid":{"rendered":"https:\/\/alkaline.lv\/products\/krasainie-zimuli-kores-kolores-style-trissturveida-3mm-26-gab\/"},"modified":"2024-09-12T20:56:03","modified_gmt":"2024-09-12T17:56:03","slug":"krasainie-zimuli-kores-kolores-style-trissturveida-3mm-26-gab","status":"publish","type":"product","link":"https:\/\/alkaline.lv\/en\/products\/krasainie-zimuli-kores-kolores-style-trissturveida-3mm-26-gab\/","title":{"rendered":"Kr\u0101sainie z\u012bmu\u013ci KORES KOLORES STYLE, tr\u012bsst\u016brveida, 3mm, 26 gab."},"content":{"rendered":"<p>Kr\u0101sainie z\u012bmu\u013ci KORES KOLORES STYLE.<br \/>\nIepakojums ar 26 gab. augst\u0101k\u0101s kvalit\u0101tes unik\u0101las kr\u0101sas kr\u0101sainiem z\u012bmu\u013ciem.<br \/>\nKomplekt\u0101 ietilpst 6 met\u0101la un 4 neona un 4 paste\u013ckr\u0101su z\u012bmu\u013ci.<br \/>\nAugstas kvalit\u0101tes koksne vieglai asin\u0101\u0161anai.<br \/>\nKatram z\u012bmulim \u012bpa\u0161a, met\u0101la sp\u012bd\u012bga dizaina apdare.<br \/>\n\u012apa\u0161u kr\u0101su pigmenti \u012bpa\u0161i intens\u012bv\u0101m un dinamisk\u0101m kr\u0101s\u0101m.<br \/>\nErgonomiska tr\u012bsst\u016bra forma.<br \/>\nNetoksiski, dro\u0161i b\u0113rniem.<br \/>\nZ\u012bmu\u013ca uzgalis &#8211; 3mm.<\/p>\n","protected":false},"excerpt":{"rendered":"<p>Kr\u0101sainie z\u012bmu\u013ci KORES KOLORES STYLE. Iepakojums ar 26 gab. augst\u0101k\u0101s kvalit\u0101tes unik\u0101las kr\u0101sas kr\u0101sainiem z\u012bmu\u013ciem. Komplekt\u0101 ietilpst 6 met\u0101la un 4 neona un 4 paste\u013ckr\u0101su z\u012bmu\u013ci. Augstas kvalit\u0101tes koksne vieglai asin\u0101\u0161anai. Katram z\u012bmulim \u012bpa\u0161a, met\u0101la sp\u012bd\u012bga dizaina apdare. \u012apa\u0161u kr\u0101su pigmenti \u012bpa\u0161i intens\u012bv\u0101m un dinamisk\u0101m kr\u0101s\u0101m. Ergonomiska tr\u012bsst\u016bra forma. Netoksiski, dro\u0161i b\u0113rniem. Z\u012bmu\u013ca uzgalis &#8211; [&hellip;]<\/p>\n","protected":false},"featured_media":17564,"template":"","meta":{"inline_featured_image":false},"product_cat":[553],"product_tag":[],"class_list":{"0":"post-17563","1":"product","2":"type-product","3":"status-publish","4":"has-post-thumbnail","6":"product_cat-zimuli","8":"first","9":"instock","10":"purchasable","11":"product-type-simple","12":"add-to-wishlist-after_add_to_cart"},"_links":{"self":[{"href":"https:\/\/alkaline.lv\/en\/wp-json\/wp\/v2\/product\/17563"}],"collection":[{"href":"https:\/\/alkaline.lv\/en\/wp-json\/wp\/v2\/product"}],"about":[{"href":"https:\/\/alkaline.lv\/en\/wp-json\/wp\/v2\/types\/product"}],"wp:featuredmedia":[{"embeddable":true,"href":"https:\/\/alkaline.lv\/en\/wp-json\/wp\/v2\/media\/17564"}],"wp:attachment":[{"href":"https:\/\/alkaline.lv\/en\/wp-json\/wp\/v2\/media?parent=17563"}],"wp:term":[{"taxonomy":"product_cat","embeddable":true,"href":"https:\/\/alkaline.lv\/en\/wp-json\/wp\/v2\/product_cat?post=17563"},{"taxonomy":"product_tag","embeddable":true,"href":"https:\/\/alkaline.lv\/en\/wp-json\/wp\/v2\/product_tag?post=17563"}],"curies":[{"name":"wp","href":"https:\/\/api.w.org\/{rel}","templated":true}]}}