{"id":17589,"date":"2022-05-31T18:18:53","date_gmt":"2022-05-31T15:18:53","guid":{"rendered":"https:\/\/alkaline.lv\/products\/flomasteri-carioca-metallic-finemarker-box-8-gab\/"},"modified":"2022-07-12T13:27:14","modified_gmt":"2022-07-12T10:27:14","slug":"flomasteri-carioca-metallic-finemarker-box-8-gab","status":"publish","type":"product","link":"https:\/\/alkaline.lv\/en\/products\/flomasteri-carioca-metallic-finemarker-box-8-gab\/","title":{"rendered":"Flomasteri CARIOCA Metallic FineMarker Box 8 gab"},"content":{"rendered":"<p>\u2022 8 met\u0101liskas kr\u0101sas flomasteri \u00d8 6 mm<br \/>\n\u2022 Ide\u0101li piem\u0113roti tum\u0161\u0101m virsm\u0101m<br \/>\n\u2022 \u016bdens b\u0101zes tinte un blo\u0137\u0113ts uzgalis<br \/>\n\u2022 korpuss no 53% p\u0101rstr\u0101d\u0101tas plastmasas<\/p>\n","protected":false},"excerpt":{"rendered":"<p>\u2022 8 met\u0101liskas kr\u0101sas flomasteri \u00d8 6 mm \u2022 Ide\u0101li piem\u0113roti tum\u0161\u0101m virsm\u0101m \u2022 \u016bdens b\u0101zes tinte un blo\u0137\u0113ts uzgalis \u2022 korpuss no 53% p\u0101rstr\u0101d\u0101tas plastmasas<\/p>\n","protected":false},"featured_media":17590,"template":"","meta":{"inline_featured_image":false},"product_cat":[335],"product_tag":[],"class_list":{"0":"post-17589","1":"product","2":"type-product","3":"status-publish","4":"has-post-thumbnail","6":"product_cat-flomasteri","8":"first","9":"instock","10":"purchasable","11":"product-type-simple","12":"add-to-wishlist-after_add_to_cart"},"_links":{"self":[{"href":"https:\/\/alkaline.lv\/en\/wp-json\/wp\/v2\/product\/17589","targetHints":{"allow":["GET"]}}],"collection":[{"href":"https:\/\/alkaline.lv\/en\/wp-json\/wp\/v2\/product"}],"about":[{"href":"https:\/\/alkaline.lv\/en\/wp-json\/wp\/v2\/types\/product"}],"wp:featuredmedia":[{"embeddable":true,"href":"https:\/\/alkaline.lv\/en\/wp-json\/wp\/v2\/media\/17590"}],"wp:attachment":[{"href":"https:\/\/alkaline.lv\/en\/wp-json\/wp\/v2\/media?parent=17589"}],"wp:term":[{"taxonomy":"product_cat","embeddable":true,"href":"https:\/\/alkaline.lv\/en\/wp-json\/wp\/v2\/product_cat?post=17589"},{"taxonomy":"product_tag","embeddable":true,"href":"https:\/\/alkaline.lv\/en\/wp-json\/wp\/v2\/product_tag?post=17589"}],"curies":[{"name":"wp","href":"https:\/\/api.w.org\/{rel}","templated":true}]}}