{"id":17699,"date":"2022-05-31T18:19:44","date_gmt":"2022-05-31T15:19:44","guid":{"rendered":"https:\/\/alkaline.lv\/products\/teksta-markieris-slips-serdenis-linijas-platums-1%e2%80%925-mm-krasa-oranzs-fluorescenta\/"},"modified":"2022-06-15T15:10:57","modified_gmt":"2022-06-15T12:10:57","slug":"teksta-markieris-slips-serdenis-linijas-platums-1%e2%80%925-mm-krasa-oranzs-fluorescenta","status":"publish","type":"product","link":"https:\/\/alkaline.lv\/en\/products\/teksta-markieris-slips-serdenis-linijas-platums-1%e2%80%925-mm-krasa-oranzs-fluorescenta\/","title":{"rendered":"Teksta mar\u0137ieris, sl\u012bps serdenis, l\u012bnijas platums 1\u20125 mm, kr\u0101sa oran\u017es, fluorescenta"},"content":{"rendered":"<p>Ra\u017eot\u0101ja preces kods 82291<\/p>\n","protected":false},"excerpt":{"rendered":"<p>Ra\u017eot\u0101ja preces kods 82291<\/p>\n","protected":false},"featured_media":17700,"template":"","meta":{"inline_featured_image":false},"product_cat":[558],"product_tag":[],"class_list":{"0":"post-17699","1":"product","2":"type-product","3":"status-publish","4":"has-post-thumbnail","6":"product_cat-teksta-markieri-2","8":"first","9":"outofstock","10":"purchasable","11":"product-type-simple","12":"add-to-wishlist-after_add_to_cart"},"_links":{"self":[{"href":"https:\/\/alkaline.lv\/en\/wp-json\/wp\/v2\/product\/17699"}],"collection":[{"href":"https:\/\/alkaline.lv\/en\/wp-json\/wp\/v2\/product"}],"about":[{"href":"https:\/\/alkaline.lv\/en\/wp-json\/wp\/v2\/types\/product"}],"wp:featuredmedia":[{"embeddable":true,"href":"https:\/\/alkaline.lv\/en\/wp-json\/wp\/v2\/media\/17700"}],"wp:attachment":[{"href":"https:\/\/alkaline.lv\/en\/wp-json\/wp\/v2\/media?parent=17699"}],"wp:term":[{"taxonomy":"product_cat","embeddable":true,"href":"https:\/\/alkaline.lv\/en\/wp-json\/wp\/v2\/product_cat?post=17699"},{"taxonomy":"product_tag","embeddable":true,"href":"https:\/\/alkaline.lv\/en\/wp-json\/wp\/v2\/product_tag?post=17699"}],"curies":[{"name":"wp","href":"https:\/\/api.w.org\/{rel}","templated":true}]}}