{"id":17803,"date":"2022-05-31T18:20:21","date_gmt":"2022-05-31T15:20:21","guid":{"rendered":"https:\/\/alkaline.lv\/products\/lodisu-pildspalva-parker-im-premium-pearl-medium\/"},"modified":"2022-07-12T13:14:00","modified_gmt":"2022-07-12T10:14:00","slug":"lodisu-pildspalva-parker-im-premium-pearl-medium","status":"publish","type":"product","link":"https:\/\/alkaline.lv\/en\/products\/lodisu-pildspalva-parker-im-premium-pearl-medium\/","title":{"rendered":"Lod\u012b\u0161u pildspalva PARKER IM Premium Pearl Medium"},"content":{"rendered":"<p>\u2022 Izskat\u012bga un profesion\u0101la PARKER IM Premium pildspalva ir ide\u0101ls partneris neierobe\u017eotam potenci\u0101lam.<br \/>\n\u2022 Elegant\u0101 konusveida forma ir apvienota ar ikonisku, tom\u0113r modernu dizainu.<br \/>\n\u2022 \u0160\u012b PARKER lod\u012b\u0161u pildspalva ir izgatavota no eleganta p\u0113r\u013cu lakota korpusa, iegrav\u0113ta ar asimetrisku kvadr\u0101tveida rakstu un izcelta zelta kr\u0101s\u0101.<br \/>\n\u2022 Nospie\u017eot pogu, lod\u012b\u0161u pildspalva un Quinkflow tinte nodro\u0161ina \u0101rk\u0101rt\u012bgi vienm\u0113r\u012bgu un uzticamu rakst\u012b\u0161anu.<br \/>\n\u2022 Katra deta\u013ca ir uzlabota, lai nodro\u0161in\u0101tu rakst\u012b\u0161anas pieredzi, ko PARKER u-nodro\u0161ina vair\u0101k nek\u0101 130 gadus.<br \/>\n\u2022 Izmanto kop\u0101 ar QUINK lod\u012b\u0161u un g\u0113la tintes uzpild\u0113m.<br \/>\n\u2022 Pildspalvas uzgalis nodro\u0161ina vienm\u0113r\u012bgu un nemain\u012bgu tintes pl\u016bsmu uz pap\u012bra.<br \/>\n\u2022 PARKER kast\u0113 ir zil\u0101s tintes uzpilde.<br \/>\n\u2022 Vid\u0113js uzga\u013ca biezums.<\/p>\n","protected":false},"excerpt":{"rendered":"<p>\u2022 Izskat\u012bga un profesion\u0101la PARKER IM Premium pildspalva ir ide\u0101ls partneris neierobe\u017eotam potenci\u0101lam. \u2022 Elegant\u0101 konusveida forma ir apvienota ar ikonisku, tom\u0113r modernu dizainu. \u2022 \u0160\u012b PARKER lod\u012b\u0161u pildspalva ir izgatavota no eleganta p\u0113r\u013cu lakota korpusa, iegrav\u0113ta ar asimetrisku kvadr\u0101tveida rakstu un izcelta zelta kr\u0101s\u0101. \u2022 Nospie\u017eot pogu, lod\u012b\u0161u pildspalva un Quinkflow tinte nodro\u0161ina \u0101rk\u0101rt\u012bgi [&hellip;]<\/p>\n","protected":false},"featured_media":17804,"template":"","meta":{"inline_featured_image":false},"product_cat":[676],"product_tag":[],"class_list":{"0":"post-17803","1":"product","2":"type-product","3":"status-publish","4":"has-post-thumbnail","6":"product_cat-pildspalvu-komplekti","8":"first","9":"instock","10":"purchasable","11":"product-type-simple","12":"add-to-wishlist-after_add_to_cart"},"_links":{"self":[{"href":"https:\/\/alkaline.lv\/en\/wp-json\/wp\/v2\/product\/17803"}],"collection":[{"href":"https:\/\/alkaline.lv\/en\/wp-json\/wp\/v2\/product"}],"about":[{"href":"https:\/\/alkaline.lv\/en\/wp-json\/wp\/v2\/types\/product"}],"wp:featuredmedia":[{"embeddable":true,"href":"https:\/\/alkaline.lv\/en\/wp-json\/wp\/v2\/media\/17804"}],"wp:attachment":[{"href":"https:\/\/alkaline.lv\/en\/wp-json\/wp\/v2\/media?parent=17803"}],"wp:term":[{"taxonomy":"product_cat","embeddable":true,"href":"https:\/\/alkaline.lv\/en\/wp-json\/wp\/v2\/product_cat?post=17803"},{"taxonomy":"product_tag","embeddable":true,"href":"https:\/\/alkaline.lv\/en\/wp-json\/wp\/v2\/product_tag?post=17803"}],"curies":[{"name":"wp","href":"https:\/\/api.w.org\/{rel}","templated":true}]}}