{"id":17827,"date":"2022-05-31T18:20:32","date_gmt":"2022-05-31T15:20:32","guid":{"rendered":"https:\/\/alkaline.lv\/products\/komplekts-parker-im-black-gt-pildspalva-un-futlaris\/"},"modified":"2022-06-15T15:46:22","modified_gmt":"2022-06-15T12:46:22","slug":"komplekts-parker-im-black-gt-pildspalva-un-futlaris","status":"publish","type":"product","link":"https:\/\/alkaline.lv\/en\/products\/komplekts-parker-im-black-gt-pildspalva-un-futlaris\/","title":{"rendered":"Komplekts PARKER IM Black GT, pildspalva un futl\u0101ris"},"content":{"rendered":"<p>\u2022 Jaun\u0101 d\u0101vanu kolekcija atg\u0101dina grezn\u012bbu un eleganci.<br \/>\nKatrs d\u0101vanu iesai\u0146ojums, kas atspogu\u013co z\u012bmola identit\u0101ti, ir veidots ar aizraut\u012bbu un piesaista acis ar unik\u0101liem rot\u0101jumiem.<br \/>\nProdukti ir \u012bpa\u0161i izv\u0113l\u0113ti, lai rad\u012btu perfektu d\u0101vanu jebkuram gad\u012bjumam.<\/p>\n<p>\u2022 \u0160aj\u0101 komplekt\u0101 j\u016bs atrad\u012bsit pildspalvu un attiec\u012bgi melnu PU futl\u0101ri, iepakotu klasiskaj\u0101 Parker d\u0101vanu kast\u012bt\u0113. \u0160aj\u0101 komplekt\u0101 ietilpst lielisks piederums, kas \u013cauj viegli atrast rakst\u012bto, k\u0101 ar\u012b kart\u012bte un lietu p\u0101rvald\u012bba. Ide\u0101la d\u0101vana jebkuram gad\u012bjumam.<\/p>\n<p>\u2022 Mat\u0113ta melna laka ar pulvera p\u0101rkl\u0101jumu un pul\u0113tu gredzena apdari lab\u0101kai produkta kvalit\u0101tei. Gredzeni ir izgatavoti no ner\u016bs\u0113jo\u0161\u0101 t\u0113rauda ar hrom\u0113tu apdari. Korpuss un v\u0101ks ir izgatavoti no misi\u0146a, lakoti ar melnu laku. Priek\u0161puse ir izgatavota no melnas plastmasas un pul\u0113ta.<\/p>\n<p>\u2022 Pildspalva ar M veida pildspalvu, izgatavota no augstas kvalit\u0101tes ner\u016bs\u0113jo\u0161\u0101 t\u0113rauda.<\/p>\n","protected":false},"excerpt":{"rendered":"<p>\u2022 Jaun\u0101 d\u0101vanu kolekcija atg\u0101dina grezn\u012bbu un eleganci. Katrs d\u0101vanu iesai\u0146ojums, kas atspogu\u013co z\u012bmola identit\u0101ti, ir veidots ar aizraut\u012bbu un piesaista acis ar unik\u0101liem rot\u0101jumiem. Produkti ir \u012bpa\u0161i izv\u0113l\u0113ti, lai rad\u012btu perfektu d\u0101vanu jebkuram gad\u012bjumam. \u2022 \u0160aj\u0101 komplekt\u0101 j\u016bs atrad\u012bsit pildspalvu un attiec\u012bgi melnu PU futl\u0101ri, iepakotu klasiskaj\u0101 Parker d\u0101vanu kast\u012bt\u0113. \u0160aj\u0101 komplekt\u0101 ietilpst lielisks [&hellip;]<\/p>\n","protected":false},"featured_media":17828,"template":"","meta":{"inline_featured_image":false},"product_cat":[676],"product_tag":[],"class_list":{"0":"post-17827","1":"product","2":"type-product","3":"status-publish","4":"has-post-thumbnail","6":"product_cat-pildspalvu-komplekti","8":"first","9":"instock","10":"purchasable","11":"product-type-simple","12":"add-to-wishlist-after_add_to_cart"},"_links":{"self":[{"href":"https:\/\/alkaline.lv\/en\/wp-json\/wp\/v2\/product\/17827"}],"collection":[{"href":"https:\/\/alkaline.lv\/en\/wp-json\/wp\/v2\/product"}],"about":[{"href":"https:\/\/alkaline.lv\/en\/wp-json\/wp\/v2\/types\/product"}],"wp:featuredmedia":[{"embeddable":true,"href":"https:\/\/alkaline.lv\/en\/wp-json\/wp\/v2\/media\/17828"}],"wp:attachment":[{"href":"https:\/\/alkaline.lv\/en\/wp-json\/wp\/v2\/media?parent=17827"}],"wp:term":[{"taxonomy":"product_cat","embeddable":true,"href":"https:\/\/alkaline.lv\/en\/wp-json\/wp\/v2\/product_cat?post=17827"},{"taxonomy":"product_tag","embeddable":true,"href":"https:\/\/alkaline.lv\/en\/wp-json\/wp\/v2\/product_tag?post=17827"}],"curies":[{"name":"wp","href":"https:\/\/api.w.org\/{rel}","templated":true}]}}