{"id":17833,"date":"2022-05-31T18:20:32","date_gmt":"2022-05-31T15:20:32","guid":{"rendered":"https:\/\/alkaline.lv\/products\/komplekts-parker-sonnet-black-gt-lodisu-pildspalva-un-futlaris\/"},"modified":"2022-06-15T15:46:16","modified_gmt":"2022-06-15T12:46:16","slug":"komplekts-parker-sonnet-black-gt-lodisu-pildspalva-un-futlaris","status":"publish","type":"product","link":"https:\/\/alkaline.lv\/en\/products\/komplekts-parker-sonnet-black-gt-lodisu-pildspalva-un-futlaris\/","title":{"rendered":"Komplekts PARKER Sonnet Black GT, lod\u012b\u0161u pildspalva un futl\u0101ris"},"content":{"rendered":"<p>\u2022 Jaun\u0101 d\u0101vanu kolekcija atg\u0101dina grezn\u012bbu un eleganci.<br \/>\nKatrs d\u0101vanu iesai\u0146ojums, kas atspogu\u013co z\u012bmola identit\u0101ti, ir veidots ar aizraut\u012bbu un piesaista acis ar unik\u0101liem rot\u0101jumiem.<br \/>\nProdukti ir \u012bpa\u0161i izv\u0113l\u0113ti, lai rad\u012btu perfektu d\u0101vanu jebkuram gad\u012bjumam.<\/p>\n<p>\u2022 \u0160aj\u0101 komplekt\u0101 j\u016bs atrad\u012bsiet pildspalvu un attiec\u012bgi melnu PU pildspalvas futr\u0101li, kas iepakoti klasiskaj\u0101 Parker d\u0101vanu kast\u012bt\u0113.<br \/>\nKatra l\u012bnijas deta\u013ca ir izstr\u0101d\u0101ta, lai nodro\u0161in\u0101tu rakst\u012b\u0161anas uzticam\u012bbu<\/p>\n","protected":false},"excerpt":{"rendered":"<p>\u2022 Jaun\u0101 d\u0101vanu kolekcija atg\u0101dina grezn\u012bbu un eleganci. Katrs d\u0101vanu iesai\u0146ojums, kas atspogu\u013co z\u012bmola identit\u0101ti, ir veidots ar aizraut\u012bbu un piesaista acis ar unik\u0101liem rot\u0101jumiem. Produkti ir \u012bpa\u0161i izv\u0113l\u0113ti, lai rad\u012btu perfektu d\u0101vanu jebkuram gad\u012bjumam. \u2022 \u0160aj\u0101 komplekt\u0101 j\u016bs atrad\u012bsiet pildspalvu un attiec\u012bgi melnu PU pildspalvas futr\u0101li, kas iepakoti klasiskaj\u0101 Parker d\u0101vanu kast\u012bt\u0113. Katra l\u012bnijas [&hellip;]<\/p>\n","protected":false},"featured_media":17834,"template":"","meta":{"inline_featured_image":false},"product_cat":[676],"product_tag":[],"class_list":{"0":"post-17833","1":"product","2":"type-product","3":"status-publish","4":"has-post-thumbnail","6":"product_cat-pildspalvu-komplekti","8":"first","9":"instock","10":"purchasable","11":"product-type-simple","12":"add-to-wishlist-after_add_to_cart"},"_links":{"self":[{"href":"https:\/\/alkaline.lv\/en\/wp-json\/wp\/v2\/product\/17833"}],"collection":[{"href":"https:\/\/alkaline.lv\/en\/wp-json\/wp\/v2\/product"}],"about":[{"href":"https:\/\/alkaline.lv\/en\/wp-json\/wp\/v2\/types\/product"}],"wp:featuredmedia":[{"embeddable":true,"href":"https:\/\/alkaline.lv\/en\/wp-json\/wp\/v2\/media\/17834"}],"wp:attachment":[{"href":"https:\/\/alkaline.lv\/en\/wp-json\/wp\/v2\/media?parent=17833"}],"wp:term":[{"taxonomy":"product_cat","embeddable":true,"href":"https:\/\/alkaline.lv\/en\/wp-json\/wp\/v2\/product_cat?post=17833"},{"taxonomy":"product_tag","embeddable":true,"href":"https:\/\/alkaline.lv\/en\/wp-json\/wp\/v2\/product_tag?post=17833"}],"curies":[{"name":"wp","href":"https:\/\/api.w.org\/{rel}","templated":true}]}}