{"id":17857,"date":"2022-05-31T18:20:44","date_gmt":"2022-05-31T15:20:44","guid":{"rendered":"https:\/\/alkaline.lv\/products\/rasesanas-piederumu-kompekts-patio-student-5-vienibas-2\/"},"modified":"2022-06-29T10:20:37","modified_gmt":"2022-06-29T07:20:37","slug":"rasesanas-piederumu-kompekts-patio-student-5-vienibas-2","status":"publish","type":"product","link":"https:\/\/alkaline.lv\/en\/products\/rasesanas-piederumu-kompekts-patio-student-5-vienibas-2\/","title":{"rendered":"Ras\u0113\u0161anas piederumu kompekts PATIO Student, 5 vien\u012bbas"},"content":{"rendered":"","protected":false},"excerpt":{"rendered":"","protected":false},"featured_media":17858,"template":"","meta":{"inline_featured_image":false},"product_cat":[573],"product_tag":[],"class_list":{"0":"post-17857","1":"product","2":"type-product","3":"status-publish","4":"has-post-thumbnail","6":"product_cat-lineali-2","8":"first","9":"outofstock","10":"purchasable","11":"product-type-simple","12":"add-to-wishlist-after_add_to_cart"},"_links":{"self":[{"href":"https:\/\/alkaline.lv\/en\/wp-json\/wp\/v2\/product\/17857"}],"collection":[{"href":"https:\/\/alkaline.lv\/en\/wp-json\/wp\/v2\/product"}],"about":[{"href":"https:\/\/alkaline.lv\/en\/wp-json\/wp\/v2\/types\/product"}],"wp:featuredmedia":[{"embeddable":true,"href":"https:\/\/alkaline.lv\/en\/wp-json\/wp\/v2\/media\/17858"}],"wp:attachment":[{"href":"https:\/\/alkaline.lv\/en\/wp-json\/wp\/v2\/media?parent=17857"}],"wp:term":[{"taxonomy":"product_cat","embeddable":true,"href":"https:\/\/alkaline.lv\/en\/wp-json\/wp\/v2\/product_cat?post=17857"},{"taxonomy":"product_tag","embeddable":true,"href":"https:\/\/alkaline.lv\/en\/wp-json\/wp\/v2\/product_tag?post=17857"}],"curies":[{"name":"wp","href":"https:\/\/api.w.org\/{rel}","templated":true}]}}