{"id":17971,"date":"2022-05-31T18:21:26","date_gmt":"2022-05-31T15:21:26","guid":{"rendered":"https:\/\/alkaline.lv\/products\/apvaki-iesiesanai-fellowes-delta-a4-250-g-m2-100-gab-iepak-melni\/"},"modified":"2022-05-31T18:21:34","modified_gmt":"2022-05-31T15:21:34","slug":"apvaki-iesiesanai-fellowes-delta-a4-250-g-m2-100-gab-iepak-melni","status":"publish","type":"product","link":"https:\/\/alkaline.lv\/en\/products\/apvaki-iesiesanai-fellowes-delta-a4-250-g-m2-100-gab-iepak-melni\/","title":{"rendered":"Apv\u0101ki iesie\u0161anai FELLOWES Delta, A4, 250 g\/m2, 100 gab.\/iepak., melni"},"content":{"rendered":"<p>\u2022 \u0100das imit\u0101cijas v\u0101ki iesie\u0161anai DELTA.<br \/>\u2022 Izgatavoti no kartona<br \/>\u2022 A4 form\u0101ts<br \/>\u2022 Biezums 250g\/m2<br \/>\u2022 100 gab.\/iep.<\/p>\n","protected":false},"excerpt":{"rendered":"<p>\u2022 \u0100das imit\u0101cijas v\u0101ki iesie\u0161anai DELTA.\u2022 Izgatavoti no kartona\u2022 A4 form\u0101ts\u2022 Biezums 250g\/m2\u2022 100 gab.\/iep.<\/p>\n","protected":false},"featured_media":17972,"template":"","meta":{"inline_featured_image":false},"product_cat":[69,506,690],"product_tag":[],"class_list":{"0":"post-17971","1":"product","2":"type-product","3":"status-publish","4":"has-post-thumbnail","6":"product_cat-biroja-un-datoru-tehnika","7":"product_cat-iesiesanas-iekartas","8":"product_cat-iesiesanas-spirales-un-vaki","10":"first","11":"outofstock","12":"purchasable","13":"product-type-simple","14":"add-to-wishlist-after_add_to_cart"},"_links":{"self":[{"href":"https:\/\/alkaline.lv\/en\/wp-json\/wp\/v2\/product\/17971"}],"collection":[{"href":"https:\/\/alkaline.lv\/en\/wp-json\/wp\/v2\/product"}],"about":[{"href":"https:\/\/alkaline.lv\/en\/wp-json\/wp\/v2\/types\/product"}],"wp:featuredmedia":[{"embeddable":true,"href":"https:\/\/alkaline.lv\/en\/wp-json\/wp\/v2\/media\/17972"}],"wp:attachment":[{"href":"https:\/\/alkaline.lv\/en\/wp-json\/wp\/v2\/media?parent=17971"}],"wp:term":[{"taxonomy":"product_cat","embeddable":true,"href":"https:\/\/alkaline.lv\/en\/wp-json\/wp\/v2\/product_cat?post=17971"},{"taxonomy":"product_tag","embeddable":true,"href":"https:\/\/alkaline.lv\/en\/wp-json\/wp\/v2\/product_tag?post=17971"}],"curies":[{"name":"wp","href":"https:\/\/api.w.org\/{rel}","templated":true}]}}