{"id":17979,"date":"2022-05-31T18:21:37","date_gmt":"2022-05-31T15:21:37","guid":{"rendered":"https:\/\/alkaline.lv\/products\/apvaki-iesiesanai-fellowes-delta-a4-250-g-m2-100-gab-iepak-tumsi-zali\/"},"modified":"2022-05-31T18:21:39","modified_gmt":"2022-05-31T15:21:39","slug":"apvaki-iesiesanai-fellowes-delta-a4-250-g-m2-100-gab-iepak-tumsi-zali","status":"publish","type":"product","link":"https:\/\/alkaline.lv\/en\/products\/apvaki-iesiesanai-fellowes-delta-a4-250-g-m2-100-gab-iepak-tumsi-zali\/","title":{"rendered":"Apv\u0101ki iesie\u0161anai FELLOWES Delta, A4, 250 g\/m2, 100 gab.\/iepak., tum\u0161i za\u013ci"},"content":{"rendered":"<p>\u2022 \u0100das imit\u0101cijas v\u0101ki iesie\u0161anai DELTA <br \/>\u2022 Izgatavoti no kartona, A4 form\u0101ts, biezums 250 g\/m2, 100 gab.\/iepak.<\/p>\n","protected":false},"excerpt":{"rendered":"<p>\u2022 \u0100das imit\u0101cijas v\u0101ki iesie\u0161anai DELTA \u2022 Izgatavoti no kartona, A4 form\u0101ts, biezums 250 g\/m2, 100 gab.\/iepak.<\/p>\n","protected":false},"featured_media":17980,"template":"","meta":{"inline_featured_image":false},"product_cat":[69,506,690],"product_tag":[],"class_list":{"0":"post-17979","1":"product","2":"type-product","3":"status-publish","4":"has-post-thumbnail","6":"product_cat-biroja-un-datoru-tehnika","7":"product_cat-iesiesanas-iekartas","8":"product_cat-iesiesanas-spirales-un-vaki","10":"first","11":"outofstock","12":"purchasable","13":"product-type-simple","14":"add-to-wishlist-after_add_to_cart"},"_links":{"self":[{"href":"https:\/\/alkaline.lv\/en\/wp-json\/wp\/v2\/product\/17979","targetHints":{"allow":["GET"]}}],"collection":[{"href":"https:\/\/alkaline.lv\/en\/wp-json\/wp\/v2\/product"}],"about":[{"href":"https:\/\/alkaline.lv\/en\/wp-json\/wp\/v2\/types\/product"}],"wp:featuredmedia":[{"embeddable":true,"href":"https:\/\/alkaline.lv\/en\/wp-json\/wp\/v2\/media\/17980"}],"wp:attachment":[{"href":"https:\/\/alkaline.lv\/en\/wp-json\/wp\/v2\/media?parent=17979"}],"wp:term":[{"taxonomy":"product_cat","embeddable":true,"href":"https:\/\/alkaline.lv\/en\/wp-json\/wp\/v2\/product_cat?post=17979"},{"taxonomy":"product_tag","embeddable":true,"href":"https:\/\/alkaline.lv\/en\/wp-json\/wp\/v2\/product_tag?post=17979"}],"curies":[{"name":"wp","href":"https:\/\/api.w.org\/{rel}","templated":true}]}}