{"id":1807,"date":"2020-12-15T17:59:21","date_gmt":"2020-12-15T15:59:21","guid":{"rendered":"https:\/\/alkaline.lv\/?post_type=product&#038;p=1807"},"modified":"2023-08-23T13:58:49","modified_gmt":"2023-08-23T10:58:49","slug":"cif-professional-window-multi-surface-cif-professional-window-multi-surface-cif-professional-window-multi-surface-cif-professional-window-multi-surface-cif-professional-window-multi-surface","status":"publish","type":"product","link":"https:\/\/alkaline.lv\/en\/products\/cif-professional-window-multi-surface-cif-professional-window-multi-surface-cif-professional-window-multi-surface-cif-professional-window-multi-surface-cif-professional-window-multi-surface\/","title":{"rendered":"Stiklu un virsmu t\u012br\u012b\u0161anas l\u012bdzeklis CIF PROFESSIONAL Windows &#038; Multisurface cleaner, 750 ml"},"content":{"rendered":"<div class=\"item_meta\">\n<p>\u0100tri not\u012bra net\u012brumus un pie\u0161\u0137ir mirdzumu, neatst\u0101jot uz virsmas sv\u012btras. L\u012bdzeklis ir gatavs lieto\u0161anai. Paredz\u0113ts logu, spogu\u013cu, galdu un citu cietu interjera virsmu t\u012br\u012b\u0161anai.<\/p>\n<p>Priek\u0161roc\u012bbas<\/p>\n<p>&#8211; not\u012bra net\u012brumus<\/p>\n<p>&#8211; t\u012bra neatst\u0101jot sv\u012btras<\/p>\n<p>Tehniskie dati<\/p>\n<p>Izskats: skaidrs, zils \u0161\u0137idrums.<\/p>\n<p>Smar\u017ea: aromatiz\u0113ta.<\/p>\n<p>Uzglab\u0101t ori\u0123in\u0101laj\u0101 iepakojum\u0101, v\u0113s\u0101 viet\u0101. Dro\u0161\u012bbas datu lapas pieejamas profesion\u0101\u013ciem p\u0113c piepras\u012bjuma.<\/p>\n<p><strong>Pro Formula Diversey\u00a0<\/strong>&#8211; s\u0113rijas l\u012bdzek\u013ci nodro\u0161ina lieliskus t\u012br\u012b\u0161anas rezult\u0101tus un sniegumu, t\u0101d\u0113j\u0101di klientiem \u013caujot vair\u0101k laika t\u0113r\u0113t uz\u0146\u0113muma pamatvirzienam un m\u0113r\u0137u sasnieg\u0161anai.<\/p>\n<p><strong>pH \u00b17.5<\/strong><\/p>\n<\/div>\n<p><strong>Tilpums: 750 ml<\/strong><\/p>\n","protected":false},"excerpt":{"rendered":"<p>\u0100tri not\u012bra net\u012brumus un pie\u0161\u0137ir mirdzumu, neatst\u0101jot uz virsmas sv\u012btras. L\u012bdzeklis ir gatavs lieto\u0161anai. Paredz\u0113ts logu, spogu\u013cu, galdu un citu cietu interjera virsmu t\u012br\u012b\u0161anai. Priek\u0161roc\u012bbas &#8211; not\u012bra net\u012brumus &#8211; t\u012bra neatst\u0101jot sv\u012btras Tehniskie dati Izskats: skaidrs, zils \u0161\u0137idrums. Smar\u017ea: aromatiz\u0113ta. Uzglab\u0101t ori\u0123in\u0101laj\u0101 iepakojum\u0101, v\u0113s\u0101 viet\u0101. Dro\u0161\u012bbas datu lapas pieejamas profesion\u0101\u013ciem p\u0113c piepras\u012bjuma. Pro Formula Diversey\u00a0&#8211; [&hellip;]<\/p>\n","protected":false},"featured_media":1808,"template":"","meta":{"inline_featured_image":false},"product_cat":[74,1775],"product_tag":[],"class_list":{"0":"post-1807","1":"product","2":"type-product","3":"status-publish","4":"has-post-thumbnail","6":"product_cat-stiklu-tirisana","7":"product_cat-virsmu-ikdienas-uzkopsanai","9":"first","10":"instock","11":"taxable","12":"shipping-taxable","13":"purchasable","14":"product-type-simple","15":"add-to-wishlist-after_add_to_cart"},"_links":{"self":[{"href":"https:\/\/alkaline.lv\/en\/wp-json\/wp\/v2\/product\/1807","targetHints":{"allow":["GET"]}}],"collection":[{"href":"https:\/\/alkaline.lv\/en\/wp-json\/wp\/v2\/product"}],"about":[{"href":"https:\/\/alkaline.lv\/en\/wp-json\/wp\/v2\/types\/product"}],"wp:featuredmedia":[{"embeddable":true,"href":"https:\/\/alkaline.lv\/en\/wp-json\/wp\/v2\/media\/1808"}],"wp:attachment":[{"href":"https:\/\/alkaline.lv\/en\/wp-json\/wp\/v2\/media?parent=1807"}],"wp:term":[{"taxonomy":"product_cat","embeddable":true,"href":"https:\/\/alkaline.lv\/en\/wp-json\/wp\/v2\/product_cat?post=1807"},{"taxonomy":"product_tag","embeddable":true,"href":"https:\/\/alkaline.lv\/en\/wp-json\/wp\/v2\/product_tag?post=1807"}],"curies":[{"name":"wp","href":"https:\/\/api.w.org\/{rel}","templated":true}]}}