{"id":18084,"date":"2022-05-31T18:22:27","date_gmt":"2022-05-31T15:22:27","guid":{"rendered":"https:\/\/alkaline.lv\/products\/svammite-tafelei-ar-4-markieriem-schneider-maxx-110\/"},"modified":"2022-06-15T15:07:44","modified_gmt":"2022-06-15T12:07:44","slug":"svammite-tafelei-ar-4-markieriem-schneider-maxx-110","status":"publish","type":"product","link":"https:\/\/alkaline.lv\/en\/products\/svammite-tafelei-ar-4-markieriem-schneider-maxx-110\/","title":{"rendered":"\u0160vamm\u012bte t\u0101felei ar 4 mar\u0137ieriem SCHNEIDER MAXX 110"},"content":{"rendered":"<p>\u2022 4 kr\u0101su mar\u0137ieri baltaj\u0101m t\u0101fel\u0113m<br \/>\n\u2022 Komplekt\u0101 ietilpst: 4 mar\u0137ieri, 4 tintes kapsulas mar\u0137ieru uzpild\u012b\u0161anai, t\u0101feles t\u012br\u0101mais s\u016bklis<\/p>\n","protected":false},"excerpt":{"rendered":"<p>\u2022 4 kr\u0101su mar\u0137ieri baltaj\u0101m t\u0101fel\u0113m \u2022 Komplekt\u0101 ietilpst: 4 mar\u0137ieri, 4 tintes kapsulas mar\u0137ieru uzpild\u012b\u0161anai, t\u0101feles t\u012br\u0101mais s\u016bklis<\/p>\n","protected":false},"featured_media":18085,"template":"","meta":{"inline_featured_image":false},"product_cat":[336],"product_tag":[],"class_list":{"0":"post-18084","1":"product","2":"type-product","3":"status-publish","4":"has-post-thumbnail","6":"product_cat-markieri-tafelem","8":"first","9":"outofstock","10":"purchasable","11":"product-type-simple","12":"add-to-wishlist-after_add_to_cart"},"_links":{"self":[{"href":"https:\/\/alkaline.lv\/en\/wp-json\/wp\/v2\/product\/18084"}],"collection":[{"href":"https:\/\/alkaline.lv\/en\/wp-json\/wp\/v2\/product"}],"about":[{"href":"https:\/\/alkaline.lv\/en\/wp-json\/wp\/v2\/types\/product"}],"wp:featuredmedia":[{"embeddable":true,"href":"https:\/\/alkaline.lv\/en\/wp-json\/wp\/v2\/media\/18085"}],"wp:attachment":[{"href":"https:\/\/alkaline.lv\/en\/wp-json\/wp\/v2\/media?parent=18084"}],"wp:term":[{"taxonomy":"product_cat","embeddable":true,"href":"https:\/\/alkaline.lv\/en\/wp-json\/wp\/v2\/product_cat?post=18084"},{"taxonomy":"product_tag","embeddable":true,"href":"https:\/\/alkaline.lv\/en\/wp-json\/wp\/v2\/product_tag?post=18084"}],"curies":[{"name":"wp","href":"https:\/\/api.w.org\/{rel}","templated":true}]}}