{"id":1811,"date":"2020-12-15T18:20:32","date_gmt":"2020-12-15T16:20:32","guid":{"rendered":"https:\/\/alkaline.lv\/?post_type=product&#038;p=1811"},"modified":"2023-08-23T14:00:07","modified_gmt":"2023-08-23T11:00:07","slug":"cif-pro-formula-stikla-un-virsmu-tirisanas-lidzeklis-window-multi-surface-ont-5l","status":"publish","type":"product","link":"https:\/\/alkaline.lv\/en\/products\/cif-pro-formula-stikla-un-virsmu-tirisanas-lidzeklis-window-multi-surface-ont-5l\/","title":{"rendered":"Stikla un virsmu t\u012br\u012b\u0161anas l\u012bdzeklis CIF GLASS &#038; MULTI SURFACE ONT, 5L"},"content":{"rendered":"<p>Univers\u0101ls stiklu un virsmu t\u012br\u012b\u0161anas l\u012bdzeklis. Profesion\u0101la formula &#8211; izcils rezult\u0101ts.<\/p>\n<p>\u0100tri not\u012bra net\u012brumus un pie\u0161\u0137ir mirdzumu, neatst\u0101jot uz virsmas sv\u012btras. L\u012bdzeklis ir lieto\u0161anai gatavs.<br \/>\nParedz\u0113ts logu, spogu\u013cu, galdu un citu cietu interjera virsmu t\u012br\u012b\u0161anai.<\/p>\n<p><strong>Tilpums: 5L<\/strong><\/p>\n","protected":false},"excerpt":{"rendered":"<p>Univers\u0101ls stiklu un virsmu t\u012br\u012b\u0161anas l\u012bdzeklis. Profesion\u0101la formula &#8211; izcils rezult\u0101ts. \u0100tri not\u012bra net\u012brumus un pie\u0161\u0137ir mirdzumu, neatst\u0101jot uz virsmas sv\u012btras. L\u012bdzeklis ir lieto\u0161anai gatavs. Paredz\u0113ts logu, spogu\u013cu, galdu un citu cietu interjera virsmu t\u012br\u012b\u0161anai. Tilpums: 5L<\/p>\n","protected":false},"featured_media":2040,"template":"","meta":{"inline_featured_image":false},"product_cat":[74,1775],"product_tag":[],"class_list":{"0":"post-1811","1":"product","2":"type-product","3":"status-publish","4":"has-post-thumbnail","6":"product_cat-stiklu-tirisana","7":"product_cat-virsmu-ikdienas-uzkopsanai","9":"first","10":"instock","11":"taxable","12":"shipping-taxable","13":"purchasable","14":"product-type-simple","15":"add-to-wishlist-after_add_to_cart"},"_links":{"self":[{"href":"https:\/\/alkaline.lv\/en\/wp-json\/wp\/v2\/product\/1811"}],"collection":[{"href":"https:\/\/alkaline.lv\/en\/wp-json\/wp\/v2\/product"}],"about":[{"href":"https:\/\/alkaline.lv\/en\/wp-json\/wp\/v2\/types\/product"}],"wp:featuredmedia":[{"embeddable":true,"href":"https:\/\/alkaline.lv\/en\/wp-json\/wp\/v2\/media\/2040"}],"wp:attachment":[{"href":"https:\/\/alkaline.lv\/en\/wp-json\/wp\/v2\/media?parent=1811"}],"wp:term":[{"taxonomy":"product_cat","embeddable":true,"href":"https:\/\/alkaline.lv\/en\/wp-json\/wp\/v2\/product_cat?post=1811"},{"taxonomy":"product_tag","embeddable":true,"href":"https:\/\/alkaline.lv\/en\/wp-json\/wp\/v2\/product_tag?post=1811"}],"curies":[{"name":"wp","href":"https:\/\/api.w.org\/{rel}","templated":true}]}}