{"id":18236,"date":"2022-05-31T18:23:40","date_gmt":"2022-05-31T15:23:40","guid":{"rendered":"https:\/\/alkaline.lv\/products\/baterijas-duracell-alkaline-lr44-1-5v-2-gab-iepak\/"},"modified":"2022-05-31T18:23:47","modified_gmt":"2022-05-31T15:23:47","slug":"baterijas-duracell-alkaline-lr44-1-5v-2-gab-iepak","status":"publish","type":"product","link":"https:\/\/alkaline.lv\/en\/products\/baterijas-duracell-alkaline-lr44-1-5v-2-gab-iepak\/","title":{"rendered":"Baterijas DURACELL Alkaline LR44 1.5V, 2 gab.\/iepak."},"content":{"rendered":"<p>\u2022 Duracell Specialty LR44 s\u0101rma pogu baterijas ? ilgsto\u0161a ener\u0123ija j\u016bsu \u012bpa\u0161aj\u0101m ier\u012bc\u0113m. <br \/>\u2022 Ar Duralock Power Preserve tehnolo\u0123iju t\u0101m ir l\u012bdz pat piecu gadu uzglab\u0101\u0161anas garantija, lai j\u016bs var\u0113tu b\u016bt dro\u0161i, ka \u0161\u012bs s\u0101rma pogu baterijas b\u016bs lietojamas tad, kad jums t\u0101s b\u016bs nepiecie\u0161amas. <br \/>\u2022 R\u016bp\u0113joties par J\u016bsu b\u0113rnu dro\u0161\u012bbu, t\u0101m ir b\u0113rniem dro\u0161s iepakojums. <br \/>\u2022 T\u0101s ir izgatavotas lieto\u0161anai elektronik\u0101 (velosip\u0113du datoriem, pasta svariem, elektroniskajiem pulkste\u0146iem, elektroniskajiem pl\u0101not\u0101jiem), dro\u0161\u012bbas ier\u012bc\u0113s (bankas kar\u0161u las\u012bt\u0101jiem), medic\u012bniskaj\u0101s ier\u012bc\u0113s (glikometriem, sirdspukstu monitoriem), fitnesa ier\u012bc\u0113m (pedometriem) un gaism\u0101m.<\/p>\n","protected":false},"excerpt":{"rendered":"<p>\u2022 Duracell Specialty LR44 s\u0101rma pogu baterijas ? ilgsto\u0161a ener\u0123ija j\u016bsu \u012bpa\u0161aj\u0101m ier\u012bc\u0113m. \u2022 Ar Duralock Power Preserve tehnolo\u0123iju t\u0101m ir l\u012bdz pat piecu gadu uzglab\u0101\u0161anas garantija, lai j\u016bs var\u0113tu b\u016bt dro\u0161i, ka \u0161\u012bs s\u0101rma pogu baterijas b\u016bs lietojamas tad, kad jums t\u0101s b\u016bs nepiecie\u0161amas. \u2022 R\u016bp\u0113joties par J\u016bsu b\u0113rnu dro\u0161\u012bbu, t\u0101m ir b\u0113rniem dro\u0161s [&hellip;]<\/p>\n","protected":false},"featured_media":18237,"template":"","meta":{"inline_featured_image":false},"product_cat":[69],"product_tag":[],"class_list":{"0":"post-18236","1":"product","2":"type-product","3":"status-publish","4":"has-post-thumbnail","6":"product_cat-biroja-un-datoru-tehnika","8":"first","9":"outofstock","10":"purchasable","11":"product-type-simple","12":"add-to-wishlist-after_add_to_cart"},"_links":{"self":[{"href":"https:\/\/alkaline.lv\/en\/wp-json\/wp\/v2\/product\/18236","targetHints":{"allow":["GET"]}}],"collection":[{"href":"https:\/\/alkaline.lv\/en\/wp-json\/wp\/v2\/product"}],"about":[{"href":"https:\/\/alkaline.lv\/en\/wp-json\/wp\/v2\/types\/product"}],"wp:featuredmedia":[{"embeddable":true,"href":"https:\/\/alkaline.lv\/en\/wp-json\/wp\/v2\/media\/18237"}],"wp:attachment":[{"href":"https:\/\/alkaline.lv\/en\/wp-json\/wp\/v2\/media?parent=18236"}],"wp:term":[{"taxonomy":"product_cat","embeddable":true,"href":"https:\/\/alkaline.lv\/en\/wp-json\/wp\/v2\/product_cat?post=18236"},{"taxonomy":"product_tag","embeddable":true,"href":"https:\/\/alkaline.lv\/en\/wp-json\/wp\/v2\/product_tag?post=18236"}],"curies":[{"name":"wp","href":"https:\/\/api.w.org\/{rel}","templated":true}]}}