{"id":18258,"date":"2022-05-31T18:24:02","date_gmt":"2022-05-31T15:24:02","guid":{"rendered":"https:\/\/alkaline.lv\/products\/detektors-pildspalva-safescan-30\/"},"modified":"2022-07-12T13:23:37","modified_gmt":"2022-07-12T10:23:37","slug":"detektors-pildspalva-safescan-30","status":"publish","type":"product","link":"https:\/\/alkaline.lv\/en\/products\/detektors-pildspalva-safescan-30\/","title":{"rendered":"Detektors pildspalva SAFESCAN 30"},"content":{"rendered":"<p>SAFESCAN 30 ir pildspalva, ar kuru var p\u0101rbaud\u012bt vai banknote ir \u012bsta. \u0100tri un viegli var p\u0101rbaud\u012bt jebkuras val\u016btas banknoti. Ja ar pildspalvu uz banknotes uzvilkt\u0101 kr\u0101sa izz\u016bd, tas noz\u012bm\u0113, ka banknote ir \u012bsta, bet, ja kr\u0101sa main\u0101s un neizz\u016bd, tas noz\u012bm\u0113, ka banknote ir viltota.<\/p>\n<p>\u2022 T\u016bl\u012bt\u0113ja p\u0101rbaude<\/p>\n<p>\u2022 Piem\u0113rots jebkuras val\u016btas p\u0101rbaudei<\/p>\n<p>\u2022 Izm\u0113rs: 135 x 15 x 10 mm<\/p>\n<p>\u2022 Svars: 9 g<\/p>\n","protected":false},"excerpt":{"rendered":"<p>SAFESCAN 30 ir pildspalva, ar kuru var p\u0101rbaud\u012bt vai banknote ir \u012bsta. \u0100tri un viegli var p\u0101rbaud\u012bt jebkuras val\u016btas banknoti. Ja ar pildspalvu uz banknotes uzvilkt\u0101 kr\u0101sa izz\u016bd, tas noz\u012bm\u0113, ka banknote ir \u012bsta, bet, ja kr\u0101sa main\u0101s un neizz\u016bd, tas noz\u012bm\u0113, ka banknote ir viltota. \u2022 T\u016bl\u012bt\u0113ja p\u0101rbaude \u2022 Piem\u0113rots jebkuras val\u016btas p\u0101rbaudei \u2022 [&hellip;]<\/p>\n","protected":false},"featured_media":18259,"template":"","meta":{"inline_featured_image":false},"product_cat":[337],"product_tag":[],"class_list":{"0":"post-18258","1":"product","2":"type-product","3":"status-publish","4":"has-post-thumbnail","6":"product_cat-specialie-markieri","8":"first","9":"instock","10":"purchasable","11":"product-type-simple","12":"add-to-wishlist-after_add_to_cart"},"_links":{"self":[{"href":"https:\/\/alkaline.lv\/en\/wp-json\/wp\/v2\/product\/18258","targetHints":{"allow":["GET"]}}],"collection":[{"href":"https:\/\/alkaline.lv\/en\/wp-json\/wp\/v2\/product"}],"about":[{"href":"https:\/\/alkaline.lv\/en\/wp-json\/wp\/v2\/types\/product"}],"wp:featuredmedia":[{"embeddable":true,"href":"https:\/\/alkaline.lv\/en\/wp-json\/wp\/v2\/media\/18259"}],"wp:attachment":[{"href":"https:\/\/alkaline.lv\/en\/wp-json\/wp\/v2\/media?parent=18258"}],"wp:term":[{"taxonomy":"product_cat","embeddable":true,"href":"https:\/\/alkaline.lv\/en\/wp-json\/wp\/v2\/product_cat?post=18258"},{"taxonomy":"product_tag","embeddable":true,"href":"https:\/\/alkaline.lv\/en\/wp-json\/wp\/v2\/product_tag?post=18258"}],"curies":[{"name":"wp","href":"https:\/\/api.w.org\/{rel}","templated":true}]}}