{"id":18294,"date":"2022-05-31T18:24:14","date_gmt":"2022-05-31T15:24:14","guid":{"rendered":"https:\/\/alkaline.lv\/products\/perforacijas-un-iesiesanas-masina-fellowes-star-150\/"},"modified":"2022-07-12T13:23:10","modified_gmt":"2022-07-12T10:23:10","slug":"perforacijas-un-iesiesanas-masina-fellowes-star-150","status":"publish","type":"product","link":"https:\/\/alkaline.lv\/en\/products\/perforacijas-un-iesiesanas-masina-fellowes-star-150\/","title":{"rendered":"Perfor\u0101cijas un iesie\u0161anas ma\u0161\u012bna FELLOWES Star+ 150"},"content":{"rendered":"<p>\u2022 Iek\u0101rta iesie\u0161anai ar plastmasas spir\u0101l\u0113m <br \/>\u2022 Kompakta, viegla, vienk\u0101r\u0161i lietojama <br \/>\u2022 Ergonomisks perfor\u0101cijas rokturis \u013cauj caurdurt dokumentus ar maz\u0101ku piep\u016bli<br \/>\u2022 Dokumentu vienlaic\u012bgi perfor\u0113 un novieto uz spir\u0101les<br \/>\u2022 Caurdur vien\u0101 reiz\u0113 l\u012bdz 12 A4 lap\u0101m (80g \/ m\u00b2) <br \/>\u2022 Iesien l\u012bdz 150 A4 form\u0101ta lapas<br \/>\u2022 Lapu iesie\u0161ana ar spir\u0101li l\u012bdz 19 mm diametr\u0101 <br \/>\u2022 Vertik\u0101l\u0101s perfor\u0101cijas sist\u0113ma <br \/>\u2022 Regul\u0113jamas vadulas iesienam\u0101 dokumenta centr\u0113\u0161anai un malu izl\u012bdzin\u0101\u0161anai<br \/>\u2022 Atsevi\u0161\u0137a atvilktne spir\u0101\u013cu uzglab\u0101\u0161anai ar spir\u0101\u013cu diametra m\u0113r\u012bt\u0101ju, kas \u013cauj \u0101tri atrast spir\u0101li ar vajadz\u012bgo diametru<br \/>\u2022 \u0112rt\u0101kai uzglab\u0101\u0161anai perfor\u0101cijas rokturis cie\u0161i piek\u013caujas korpusam<br \/>\u2022 Iesp\u0113jams uzglab\u0101t vertik\u0101l\u0101 st\u0101vokl\u012b<br \/>\u2022 Svars 4.26 kg<br \/>\u2022 2 gadu garantija<br \/>\u2022 Izm\u0113rs: 448x280x80 mm<\/p>\n","protected":false},"excerpt":{"rendered":"<p>\u2022 Iek\u0101rta iesie\u0161anai ar plastmasas spir\u0101l\u0113m \u2022 Kompakta, viegla, vienk\u0101r\u0161i lietojama \u2022 Ergonomisks perfor\u0101cijas rokturis \u013cauj caurdurt dokumentus ar maz\u0101ku piep\u016bli\u2022 Dokumentu vienlaic\u012bgi perfor\u0113 un novieto uz spir\u0101les\u2022 Caurdur vien\u0101 reiz\u0113 l\u012bdz 12 A4 lap\u0101m (80g \/ m\u00b2) \u2022 Iesien l\u012bdz 150 A4 form\u0101ta lapas\u2022 Lapu iesie\u0161ana ar spir\u0101li l\u012bdz 19 mm diametr\u0101 \u2022 Vertik\u0101l\u0101s [&hellip;]<\/p>\n","protected":false},"featured_media":18295,"template":"","meta":{"inline_featured_image":false},"product_cat":[69,506],"product_tag":[],"class_list":{"0":"post-18294","1":"product","2":"type-product","3":"status-publish","4":"has-post-thumbnail","6":"product_cat-biroja-un-datoru-tehnika","7":"product_cat-iesiesanas-iekartas","9":"first","10":"instock","11":"purchasable","12":"product-type-simple","13":"add-to-wishlist-after_add_to_cart"},"_links":{"self":[{"href":"https:\/\/alkaline.lv\/en\/wp-json\/wp\/v2\/product\/18294"}],"collection":[{"href":"https:\/\/alkaline.lv\/en\/wp-json\/wp\/v2\/product"}],"about":[{"href":"https:\/\/alkaline.lv\/en\/wp-json\/wp\/v2\/types\/product"}],"wp:featuredmedia":[{"embeddable":true,"href":"https:\/\/alkaline.lv\/en\/wp-json\/wp\/v2\/media\/18295"}],"wp:attachment":[{"href":"https:\/\/alkaline.lv\/en\/wp-json\/wp\/v2\/media?parent=18294"}],"wp:term":[{"taxonomy":"product_cat","embeddable":true,"href":"https:\/\/alkaline.lv\/en\/wp-json\/wp\/v2\/product_cat?post=18294"},{"taxonomy":"product_tag","embeddable":true,"href":"https:\/\/alkaline.lv\/en\/wp-json\/wp\/v2\/product_tag?post=18294"}],"curies":[{"name":"wp","href":"https:\/\/api.w.org\/{rel}","templated":true}]}}