{"id":1835,"date":"2020-12-16T19:41:16","date_gmt":"2020-12-16T17:41:16","guid":{"rendered":"https:\/\/alkaline.lv\/?post_type=product&#038;p=1835"},"modified":"2023-08-17T11:14:58","modified_gmt":"2023-08-17T08:14:58","slug":"seal-stiklu-tirisanas-lidzeklis-5l","status":"publish","type":"product","link":"https:\/\/alkaline.lv\/en\/products\/seal-stiklu-tirisanas-lidzeklis-5l\/","title":{"rendered":"SEAL stiklu t\u012br\u012b\u0161anas l\u012bdzeklis 5L"},"content":{"rendered":"<p>Univers\u0101ls t\u012br\u012b\u0161anas l\u012bdzeklis logu, spogu\u013cu, stikla, krist\u0101la, porcel\u0101na, fajansa, keramikas, automa\u0161\u012bnu stiklu un magn\u0113tisko t\u0101fe\u013cu t\u012br\u012b\u0161anai. Piem\u0113rots ar\u012b ledusskapju stikla plauktu t\u012br\u012b\u0161anai. Reiz\u0113 t\u012bra un viegli dezinfic\u0113:<br \/>\n\u2013 sasal\u0161anas temperat\u016bra -7\u02daC<br \/>\n\u2013 satur spirtu<br \/>\n\u2013 antistatisks efekts<br \/>\n\u2013 nesatur smar\u017evielas<br \/>\n\u2013 pH neitr\u0101ls<\/p>\n<p><strong>Tilpums: 5L<\/strong><\/p>\n","protected":false},"excerpt":{"rendered":"<p>Univers\u0101ls t\u012br\u012b\u0161anas l\u012bdzeklis logu, spogu\u013cu, stikla, krist\u0101la, porcel\u0101na, fajansa, keramikas, automa\u0161\u012bnu stiklu un magn\u0113tisko t\u0101fe\u013cu t\u012br\u012b\u0161anai. Piem\u0113rots ar\u012b ledusskapju stikla plauktu t\u012br\u012b\u0161anai. Reiz\u0113 t\u012bra un viegli dezinfic\u0113: \u2013 sasal\u0161anas temperat\u016bra -7\u02daC \u2013 satur spirtu \u2013 antistatisks efekts \u2013 nesatur smar\u017evielas \u2013 pH neitr\u0101ls Tilpums: 5L<\/p>\n","protected":false},"featured_media":56603,"template":"","meta":{"inline_featured_image":false},"product_cat":[74],"product_tag":[],"class_list":{"0":"post-1835","1":"product","2":"type-product","3":"status-publish","4":"has-post-thumbnail","6":"product_cat-stiklu-tirisana","8":"first","9":"instock","10":"taxable","11":"shipping-taxable","12":"purchasable","13":"product-type-simple","14":"add-to-wishlist-after_add_to_cart"},"_links":{"self":[{"href":"https:\/\/alkaline.lv\/en\/wp-json\/wp\/v2\/product\/1835","targetHints":{"allow":["GET"]}}],"collection":[{"href":"https:\/\/alkaline.lv\/en\/wp-json\/wp\/v2\/product"}],"about":[{"href":"https:\/\/alkaline.lv\/en\/wp-json\/wp\/v2\/types\/product"}],"wp:featuredmedia":[{"embeddable":true,"href":"https:\/\/alkaline.lv\/en\/wp-json\/wp\/v2\/media\/56603"}],"wp:attachment":[{"href":"https:\/\/alkaline.lv\/en\/wp-json\/wp\/v2\/media?parent=1835"}],"wp:term":[{"taxonomy":"product_cat","embeddable":true,"href":"https:\/\/alkaline.lv\/en\/wp-json\/wp\/v2\/product_cat?post=1835"},{"taxonomy":"product_tag","embeddable":true,"href":"https:\/\/alkaline.lv\/en\/wp-json\/wp\/v2\/product_tag?post=1835"}],"curies":[{"name":"wp","href":"https:\/\/api.w.org\/{rel}","templated":true}]}}