{"id":18367,"date":"2022-05-31T18:24:44","date_gmt":"2022-05-31T15:24:44","guid":{"rendered":"https:\/\/alkaline.lv\/products\/rasesanas-komplekts-centrum-lineals-20-cm-2-tristsuri-transportieris\/"},"modified":"2022-06-29T10:20:37","modified_gmt":"2022-06-29T07:20:37","slug":"rasesanas-komplekts-centrum-lineals-20-cm-2-tristsuri-transportieris","status":"publish","type":"product","link":"https:\/\/alkaline.lv\/en\/products\/rasesanas-komplekts-centrum-lineals-20-cm-2-tristsuri-transportieris\/","title":{"rendered":"Ras\u0113\u0161anas komplekts CENTRUM Line\u0101ls 20 cm, 2 tr\u012bsts\u016bri, transportieris"},"content":{"rendered":"","protected":false},"excerpt":{"rendered":"","protected":false},"featured_media":18368,"template":"","meta":{"inline_featured_image":false},"product_cat":[573],"product_tag":[],"class_list":{"0":"post-18367","1":"product","2":"type-product","3":"status-publish","4":"has-post-thumbnail","6":"product_cat-lineali-2","8":"first","9":"outofstock","10":"purchasable","11":"product-type-simple","12":"add-to-wishlist-after_add_to_cart"},"_links":{"self":[{"href":"https:\/\/alkaline.lv\/en\/wp-json\/wp\/v2\/product\/18367"}],"collection":[{"href":"https:\/\/alkaline.lv\/en\/wp-json\/wp\/v2\/product"}],"about":[{"href":"https:\/\/alkaline.lv\/en\/wp-json\/wp\/v2\/types\/product"}],"wp:featuredmedia":[{"embeddable":true,"href":"https:\/\/alkaline.lv\/en\/wp-json\/wp\/v2\/media\/18368"}],"wp:attachment":[{"href":"https:\/\/alkaline.lv\/en\/wp-json\/wp\/v2\/media?parent=18367"}],"wp:term":[{"taxonomy":"product_cat","embeddable":true,"href":"https:\/\/alkaline.lv\/en\/wp-json\/wp\/v2\/product_cat?post=18367"},{"taxonomy":"product_tag","embeddable":true,"href":"https:\/\/alkaline.lv\/en\/wp-json\/wp\/v2\/product_tag?post=18367"}],"curies":[{"name":"wp","href":"https:\/\/api.w.org\/{rel}","templated":true}]}}