{"id":18568,"date":"2022-05-31T18:26:19","date_gmt":"2022-05-31T15:26:19","guid":{"rendered":"https:\/\/alkaline.lv\/products\/galda-kalkulators-casio-wd-320mt-145-x-195-x-36-mm-2\/"},"modified":"2022-05-31T18:26:19","modified_gmt":"2022-05-31T15:26:19","slug":"galda-kalkulators-casio-wd-320mt-145-x-195-x-36-mm-2","status":"publish","type":"product","link":"https:\/\/alkaline.lv\/en\/products\/galda-kalkulators-casio-wd-320mt-145-x-195-x-36-mm-2\/","title":{"rendered":"Galda kalkulators CASIO WD-320MT, 145 x 195 x 36 mm"},"content":{"rendered":"<p>\u2022 12 ciparu displejs<br \/>\n<br \/>\u2022 Tastat\u016bru var no\u0146emt un dr\u012bkst mazg\u0101t<br \/>\n<br \/>\u2022 Dubults baro\u0161anas avots<br \/>\n<br \/>\u2022 Nodok\u013cu apr\u0113\u0137in\u0101\u0161anas funkcija<br \/>\n<br \/>\u2022 Pe\u013c\u0146as apr\u0113\u0137in\u0101\u0161anas funkcija<br \/>\n<br \/>\u2022 Key rollover funkcija<br \/>\n<br \/>\u2022 3 cipari aiz komata<br \/>\n<br \/>\u2022 Plus\/m\u012bnus z\u012bmes mai\u0146as tausti\u0146\u0161<br \/>\n<br \/>\u2022 GT atmi\u0146a<br \/>\n<br \/>\u2022 Atpaka\u013catk\u0101pes tausti\u0146\u0161<br \/>\n<br \/>\u2022 Litija baterija CR2032<br \/>\n<br \/>\u2022 2 gadu garantija<br \/>\n<br \/>\u2022 Uzlabot\u0101 (progres\u012bv\u0101) lo\u0123ika<\/p>\n","protected":false},"excerpt":{"rendered":"<p>\u2022 12 ciparu displejs \u2022 Tastat\u016bru var no\u0146emt un dr\u012bkst mazg\u0101t \u2022 Dubults baro\u0161anas avots \u2022 Nodok\u013cu apr\u0113\u0137in\u0101\u0161anas funkcija \u2022 Pe\u013c\u0146as apr\u0113\u0137in\u0101\u0161anas funkcija \u2022 Key rollover funkcija \u2022 3 cipari aiz komata \u2022 Plus\/m\u012bnus z\u012bmes mai\u0146as tausti\u0146\u0161 \u2022 GT atmi\u0146a \u2022 Atpaka\u013catk\u0101pes tausti\u0146\u0161 \u2022 Litija baterija CR2032 \u2022 2 gadu garantija \u2022 Uzlabot\u0101 (progres\u012bv\u0101) lo\u0123ika<\/p>\n","protected":false},"featured_media":18569,"template":"","meta":{"inline_featured_image":false},"product_cat":[71],"product_tag":[],"class_list":{"0":"post-18568","1":"product","2":"type-product","3":"status-publish","4":"has-post-thumbnail","6":"product_cat-biroja-preces","8":"first","9":"outofstock","10":"purchasable","11":"product-type-simple","12":"add-to-wishlist-after_add_to_cart"},"_links":{"self":[{"href":"https:\/\/alkaline.lv\/en\/wp-json\/wp\/v2\/product\/18568"}],"collection":[{"href":"https:\/\/alkaline.lv\/en\/wp-json\/wp\/v2\/product"}],"about":[{"href":"https:\/\/alkaline.lv\/en\/wp-json\/wp\/v2\/types\/product"}],"wp:featuredmedia":[{"embeddable":true,"href":"https:\/\/alkaline.lv\/en\/wp-json\/wp\/v2\/media\/18569"}],"wp:attachment":[{"href":"https:\/\/alkaline.lv\/en\/wp-json\/wp\/v2\/media?parent=18568"}],"wp:term":[{"taxonomy":"product_cat","embeddable":true,"href":"https:\/\/alkaline.lv\/en\/wp-json\/wp\/v2\/product_cat?post=18568"},{"taxonomy":"product_tag","embeddable":true,"href":"https:\/\/alkaline.lv\/en\/wp-json\/wp\/v2\/product_tag?post=18568"}],"curies":[{"name":"wp","href":"https:\/\/api.w.org\/{rel}","templated":true}]}}