{"id":1858,"date":"2020-12-27T15:46:58","date_gmt":"2020-12-27T13:46:58","guid":{"rendered":"https:\/\/alkaline.lv\/?post_type=product&#038;p=1858"},"modified":"2023-09-13T12:03:45","modified_gmt":"2023-09-13T09:03:45","slug":"domestos-pro-formula-koncentrets-tirisanas-un-dezinfekcijas-lidzeklis-red-power-5l","status":"publish","type":"product","link":"https:\/\/alkaline.lv\/en\/products\/domestos-pro-formula-koncentrets-tirisanas-un-dezinfekcijas-lidzeklis-red-power-5l\/","title":{"rendered":"DOMESTOS Pro Formula koncentr\u0113ts t\u012br\u012b\u0161anas un dezinfekcijas l\u012bdzeklis Red Power 5L"},"content":{"rendered":"<p>Domestos Professional Red Power ir koncentr\u0113ts \u0161\u0137idrs t\u012br\u012b\u0161anas un dezinfekcijas l\u012bdzeklis, kas paredz\u0113ts iek\u0101rtu, virsmu un sanit\u0101ro t\u012br\u012b\u0161anai slimn\u012bc\u0101s un cit\u0101s vesel\u012bbas apr\u016bpes iest\u0101d\u0113s. Tas piem\u0113rots ar\u012b baltas ve\u013cas\u00a0balin\u0101\u0161anai. Pateicoties l\u012bdzek\u013ca biezajai konsistencei, tam ir lab\u0101ka un ilg\u0101ka\u00a0saskare ar t\u012br\u0101mo virsmu.<br \/>\nDomestos Professional Red Power ir efekt\u012bvs pret bakt\u0113rij\u0101m,\u00a0v\u012brusiem un s\u0113n\u012bt\u0113m.<\/p>\n<p><strong>Tilpums: 5L<\/strong><\/p>\n","protected":false},"excerpt":{"rendered":"<div class=\"item_meta\"><\/div>\n","protected":false},"featured_media":1859,"template":"","meta":{"inline_featured_image":false},"product_cat":[73,78],"product_tag":[],"class_list":{"0":"post-1858","1":"product","2":"type-product","3":"status-publish","4":"has-post-thumbnail","6":"product_cat-dezinfekcijas-lidzekli","7":"product_cat-sanitaro-telpu-tirisanai","9":"first","10":"instock","11":"taxable","12":"shipping-taxable","13":"purchasable","14":"product-type-simple","15":"add-to-wishlist-after_add_to_cart"},"_links":{"self":[{"href":"https:\/\/alkaline.lv\/en\/wp-json\/wp\/v2\/product\/1858"}],"collection":[{"href":"https:\/\/alkaline.lv\/en\/wp-json\/wp\/v2\/product"}],"about":[{"href":"https:\/\/alkaline.lv\/en\/wp-json\/wp\/v2\/types\/product"}],"wp:featuredmedia":[{"embeddable":true,"href":"https:\/\/alkaline.lv\/en\/wp-json\/wp\/v2\/media\/1859"}],"wp:attachment":[{"href":"https:\/\/alkaline.lv\/en\/wp-json\/wp\/v2\/media?parent=1858"}],"wp:term":[{"taxonomy":"product_cat","embeddable":true,"href":"https:\/\/alkaline.lv\/en\/wp-json\/wp\/v2\/product_cat?post=1858"},{"taxonomy":"product_tag","embeddable":true,"href":"https:\/\/alkaline.lv\/en\/wp-json\/wp\/v2\/product_tag?post=1858"}],"curies":[{"name":"wp","href":"https:\/\/api.w.org\/{rel}","templated":true}]}}