{"id":18581,"date":"2022-05-31T18:26:19","date_gmt":"2022-05-31T15:26:19","guid":{"rendered":"https:\/\/alkaline.lv\/products\/laminesanas-ierice-leitz-ilam-home-office-a3-peleka-krasa\/"},"modified":"2022-07-12T13:23:10","modified_gmt":"2022-07-12T10:23:10","slug":"laminesanas-ierice-leitz-ilam-home-office-a3-peleka-krasa","status":"publish","type":"product","link":"https:\/\/alkaline.lv\/en\/products\/laminesanas-ierice-leitz-ilam-home-office-a3-peleka-krasa\/","title":{"rendered":"Lamin\u0113\u0161anas ier\u012bce LEITZ iLAM Home Office, A3, pel\u0113k\u0101 kr\u0101sa"},"content":{"rendered":"<p>\u2022 A3 form\u0101ts <br \/>\u2022 Jauns stil\u012bgs dizains <br \/>\u2022 Zema darb\u012bbas temperat\u016bra, virsma nesakarst <br \/>\u2022 Sild\u012b\u0161anas laiks 3 min <br \/>\u2022 80-125 mikroni <br \/>\u2022 Ekonomisks ener\u0123ijas pat\u0113ri\u0146\u0161, ier\u012bce autom\u0101tiski izsl\u0113dzas, kad to nelieto ilg\u0101k par 30 min <br \/>\u2022 Lamin\u0113\u0161anas \u0101trums 310 mm\/min <br \/>\u2022 Maksim\u0101lais biezums 0.4 mm, platums 320 mm <br \/>\u2022 2 ru\u013c\u013cu sild\u012b\u0161anas sist\u0113ma <br \/>\u2022 435W, 220-240V <br \/>\u2022 LED gaismas un audio sign\u0101lu pazi\u0146o\u0161anas sist\u0113ma<br \/>\u2022 Karst\u0101s lamin\u0113\u0161anas lab\u0101ko rezult\u0101tu sasnieg\u0161anai iesak\u0101m izmantot Leitz UTD lamin\u0113\u0161anas kabatas <br \/>\u2022 2 gadu garantija, GS \/ TUV \/ CE sertifik\u0101ti <br \/>\u2022 Izm\u0113ri: 128x76x465 mm <br \/>\u2022 Svars: 1.70 kg<\/p>\n","protected":false},"excerpt":{"rendered":"<p>\u2022 A3 form\u0101ts \u2022 Jauns stil\u012bgs dizains \u2022 Zema darb\u012bbas temperat\u016bra, virsma nesakarst \u2022 Sild\u012b\u0161anas laiks 3 min \u2022 80-125 mikroni \u2022 Ekonomisks ener\u0123ijas pat\u0113ri\u0146\u0161, ier\u012bce autom\u0101tiski izsl\u0113dzas, kad to nelieto ilg\u0101k par 30 min \u2022 Lamin\u0113\u0161anas \u0101trums 310 mm\/min \u2022 Maksim\u0101lais biezums 0.4 mm, platums 320 mm \u2022 2 ru\u013c\u013cu sild\u012b\u0161anas sist\u0113ma \u2022 435W, [&hellip;]<\/p>\n","protected":false},"featured_media":18582,"template":"","meta":{"inline_featured_image":false},"product_cat":[69,506],"product_tag":[],"class_list":{"0":"post-18581","1":"product","2":"type-product","3":"status-publish","4":"has-post-thumbnail","6":"product_cat-biroja-un-datoru-tehnika","7":"product_cat-iesiesanas-iekartas","9":"first","10":"instock","11":"purchasable","12":"product-type-simple","13":"add-to-wishlist-after_add_to_cart"},"_links":{"self":[{"href":"https:\/\/alkaline.lv\/en\/wp-json\/wp\/v2\/product\/18581"}],"collection":[{"href":"https:\/\/alkaline.lv\/en\/wp-json\/wp\/v2\/product"}],"about":[{"href":"https:\/\/alkaline.lv\/en\/wp-json\/wp\/v2\/types\/product"}],"wp:featuredmedia":[{"embeddable":true,"href":"https:\/\/alkaline.lv\/en\/wp-json\/wp\/v2\/media\/18582"}],"wp:attachment":[{"href":"https:\/\/alkaline.lv\/en\/wp-json\/wp\/v2\/media?parent=18581"}],"wp:term":[{"taxonomy":"product_cat","embeddable":true,"href":"https:\/\/alkaline.lv\/en\/wp-json\/wp\/v2\/product_cat?post=18581"},{"taxonomy":"product_tag","embeddable":true,"href":"https:\/\/alkaline.lv\/en\/wp-json\/wp\/v2\/product_tag?post=18581"}],"curies":[{"name":"wp","href":"https:\/\/api.w.org\/{rel}","templated":true}]}}