{"id":1862,"date":"2020-12-27T15:55:31","date_gmt":"2020-12-27T13:55:31","guid":{"rendered":"https:\/\/alkaline.lv\/?post_type=product&#038;p=1862"},"modified":"2023-09-13T11:58:35","modified_gmt":"2023-09-13T08:58:35","slug":"domestos-pro-formula-koncentrets-tirisanas-un-dezinfekcijas-lidzeklis-pine-fresh-5l","status":"publish","type":"product","link":"https:\/\/alkaline.lv\/en\/products\/domestos-pro-formula-koncentrets-tirisanas-un-dezinfekcijas-lidzeklis-pine-fresh-5l\/","title":{"rendered":"DOMESTOS Pro Formula koncentr\u0113ts t\u012br\u012b\u0161anas un dezinfekcijas l\u012bdzeklis Pine Fresh 5L"},"content":{"rendered":"<p>Domestos Professional Pine Fresh ir koncentr\u0113ts \u0161\u0137idrs t\u012br\u012b\u0161anas un dezinfekcijas l\u012bdzeklis, kas paredz\u0113ts iek\u0101rtu, virsmu un sanit\u0101ro t\u012br\u012b\u0161anai slimn\u012bc\u0101s un cit\u0101s vesel\u012bbas apr\u016bpes iest\u0101d\u0113s. Tas piem\u0113rots ar\u012b baltas ve\u013cas balin\u0101\u0161anai. Pateicoties l\u012bdzek\u013ca biezajai konsistencei, tam ir lab\u0101ka un ilg\u0101ka saskare ar t\u012br\u0101mo virsmu.<br \/>\nDomestos Professional Pine Fresh ir efekt\u012bvs pret bakt\u0113rij\u0101m, v\u012brusiem un s\u0113n\u012bt\u0113m.<\/p>\n<p><strong>Tilpums: 5L<\/strong><\/p>\n","protected":false},"excerpt":{"rendered":"<div class=\"item_meta\"><\/div>\n<div><\/div>\n","protected":false},"featured_media":1863,"template":"","meta":{"inline_featured_image":false},"product_cat":[73,78],"product_tag":[],"class_list":{"0":"post-1862","1":"product","2":"type-product","3":"status-publish","4":"has-post-thumbnail","6":"product_cat-dezinfekcijas-lidzekli","7":"product_cat-sanitaro-telpu-tirisanai","9":"first","10":"instock","11":"taxable","12":"shipping-taxable","13":"purchasable","14":"product-type-simple","15":"add-to-wishlist-after_add_to_cart"},"_links":{"self":[{"href":"https:\/\/alkaline.lv\/en\/wp-json\/wp\/v2\/product\/1862","targetHints":{"allow":["GET"]}}],"collection":[{"href":"https:\/\/alkaline.lv\/en\/wp-json\/wp\/v2\/product"}],"about":[{"href":"https:\/\/alkaline.lv\/en\/wp-json\/wp\/v2\/types\/product"}],"wp:featuredmedia":[{"embeddable":true,"href":"https:\/\/alkaline.lv\/en\/wp-json\/wp\/v2\/media\/1863"}],"wp:attachment":[{"href":"https:\/\/alkaline.lv\/en\/wp-json\/wp\/v2\/media?parent=1862"}],"wp:term":[{"taxonomy":"product_cat","embeddable":true,"href":"https:\/\/alkaline.lv\/en\/wp-json\/wp\/v2\/product_cat?post=1862"},{"taxonomy":"product_tag","embeddable":true,"href":"https:\/\/alkaline.lv\/en\/wp-json\/wp\/v2\/product_tag?post=1862"}],"curies":[{"name":"wp","href":"https:\/\/api.w.org\/{rel}","templated":true}]}}