{"id":1867,"date":"2020-12-27T17:00:04","date_gmt":"2020-12-27T15:00:04","guid":{"rendered":"https:\/\/alkaline.lv\/?post_type=product&#038;p=1867"},"modified":"2025-02-21T09:39:22","modified_gmt":"2025-02-21T07:39:22","slug":"taski-sani-4-in-1-spray-750ml-sanitaro-telpu-tirisanas-atkalkosanas-dezinficesanas-un-gaisa-atsvaidzinasanas-lidzeklis","status":"publish","type":"product","link":"https:\/\/alkaline.lv\/en\/products\/taski-sani-4-in-1-spray-750ml-sanitaro-telpu-tirisanas-atkalkosanas-dezinficesanas-un-gaisa-atsvaidzinasanas-lidzeklis\/","title":{"rendered":"Sanit\u0101ro telpu t\u012br\u012b\u0161anas, atka\u013c\u0137o\u0161anas, dezinfic\u0113\u0161anas un gaisa atsvaidzin\u0101\u0161anas l\u012bdzeklis TASKI SANI 4 in 1 SPRAY, 750ml"},"content":{"rendered":"<p>Sanit\u0101ro telpu t\u012br\u012b\u0161anas, atka\u013c\u0137o\u0161anas, dezinfekcijas un gaisa atsvaidzin\u0101\u0161anas l\u012bdzeklis uz amonija b\u0101zes.<br \/>\nGatavs lieto\u0161anai.<br \/>\n<strong>Lietojiet bioc\u012bdus uzman\u012bgi!<br \/>\nVienm\u0113r pirms lieto\u0161anas izlasiet eti\u0137eti un inform\u0101ciju par produktu!\u00a0<\/strong><\/p>\n<p><strong>Tilpums: 750 ml<\/strong><\/p>\n","protected":false},"excerpt":{"rendered":"<div class=\"item_meta\"><\/div>\n<div><\/div>\n","protected":false},"featured_media":1868,"template":"","meta":{"inline_featured_image":false},"product_cat":[73,78,238,84],"product_tag":[],"class_list":{"0":"post-1867","1":"product","2":"type-product","3":"status-publish","4":"has-post-thumbnail","6":"product_cat-dezinfekcijas-lidzekli","7":"product_cat-sanitaro-telpu-tirisanai","8":"product_cat-sausie-gaisa-atsvaidzinataji-un-smaku-neitralizetaji","9":"product_cat-atkalkotaji","11":"first","12":"instock","13":"taxable","14":"shipping-taxable","15":"purchasable","16":"product-type-simple","17":"add-to-wishlist-after_add_to_cart"},"_links":{"self":[{"href":"https:\/\/alkaline.lv\/en\/wp-json\/wp\/v2\/product\/1867"}],"collection":[{"href":"https:\/\/alkaline.lv\/en\/wp-json\/wp\/v2\/product"}],"about":[{"href":"https:\/\/alkaline.lv\/en\/wp-json\/wp\/v2\/types\/product"}],"wp:featuredmedia":[{"embeddable":true,"href":"https:\/\/alkaline.lv\/en\/wp-json\/wp\/v2\/media\/1868"}],"wp:attachment":[{"href":"https:\/\/alkaline.lv\/en\/wp-json\/wp\/v2\/media?parent=1867"}],"wp:term":[{"taxonomy":"product_cat","embeddable":true,"href":"https:\/\/alkaline.lv\/en\/wp-json\/wp\/v2\/product_cat?post=1867"},{"taxonomy":"product_tag","embeddable":true,"href":"https:\/\/alkaline.lv\/en\/wp-json\/wp\/v2\/product_tag?post=1867"}],"curies":[{"name":"wp","href":"https:\/\/api.w.org\/{rel}","templated":true}]}}