{"id":18674,"date":"2022-05-31T18:26:58","date_gmt":"2022-05-31T15:26:58","guid":{"rendered":"https:\/\/alkaline.lv\/products\/vaki-iesiesanai-argo-prestige-a4-200-mikr-caurspidigi-100-gab-iepak\/"},"modified":"2022-05-31T18:27:02","modified_gmt":"2022-05-31T15:27:02","slug":"vaki-iesiesanai-argo-prestige-a4-200-mikr-caurspidigi-100-gab-iepak","status":"publish","type":"product","link":"https:\/\/alkaline.lv\/en\/products\/vaki-iesiesanai-argo-prestige-a4-200-mikr-caurspidigi-100-gab-iepak\/","title":{"rendered":"V\u0101ki iesie\u0161anai ARGO Prestige, A4, 200 mikr,  caursp\u012bd\u012bgi, 100 gab.\/iepak."},"content":{"rendered":"<p>\u2022 V\u0101ki iesie\u0161anai A4<br \/>\n<br \/>\u2022 200 mikr<br \/>\n<br \/>\u2022 caursp\u012bd\u012bgi<br \/>\n<br \/>\u2022 100 gab.\/ iepak.<\/p>\n","protected":false},"excerpt":{"rendered":"<p>\u2022 V\u0101ki iesie\u0161anai A4 \u2022 200 mikr \u2022 caursp\u012bd\u012bgi \u2022 100 gab.\/ iepak.<\/p>\n","protected":false},"featured_media":18675,"template":"","meta":{"inline_featured_image":false},"product_cat":[69,506,690],"product_tag":[],"class_list":{"0":"post-18674","1":"product","2":"type-product","3":"status-publish","4":"has-post-thumbnail","6":"product_cat-biroja-un-datoru-tehnika","7":"product_cat-iesiesanas-iekartas","8":"product_cat-iesiesanas-spirales-un-vaki","10":"first","11":"outofstock","12":"purchasable","13":"product-type-simple","14":"add-to-wishlist-after_add_to_cart"},"_links":{"self":[{"href":"https:\/\/alkaline.lv\/en\/wp-json\/wp\/v2\/product\/18674"}],"collection":[{"href":"https:\/\/alkaline.lv\/en\/wp-json\/wp\/v2\/product"}],"about":[{"href":"https:\/\/alkaline.lv\/en\/wp-json\/wp\/v2\/types\/product"}],"wp:featuredmedia":[{"embeddable":true,"href":"https:\/\/alkaline.lv\/en\/wp-json\/wp\/v2\/media\/18675"}],"wp:attachment":[{"href":"https:\/\/alkaline.lv\/en\/wp-json\/wp\/v2\/media?parent=18674"}],"wp:term":[{"taxonomy":"product_cat","embeddable":true,"href":"https:\/\/alkaline.lv\/en\/wp-json\/wp\/v2\/product_cat?post=18674"},{"taxonomy":"product_tag","embeddable":true,"href":"https:\/\/alkaline.lv\/en\/wp-json\/wp\/v2\/product_tag?post=18674"}],"curies":[{"name":"wp","href":"https:\/\/api.w.org\/{rel}","templated":true}]}}