{"id":1880,"date":"2020-12-27T17:59:13","date_gmt":"2020-12-27T15:59:13","guid":{"rendered":"https:\/\/alkaline.lv\/?post_type=product&#038;p=1880"},"modified":"2023-08-22T14:56:08","modified_gmt":"2023-08-22T11:56:08","slug":"traipu-tirisanas-lidzeklis-taski-tapi-spotex-2","status":"publish","type":"product","link":"https:\/\/alkaline.lv\/en\/products\/traipu-tirisanas-lidzeklis-taski-tapi-spotex-2\/","title":{"rendered":"Traipu t\u012br\u012b\u0161anas l\u012bdzeklis visu veidu pakl\u0101jiem un polster\u0113jumiem TASKI TAPI SPOTEX 2,  750 ml"},"content":{"rendered":"<p>Pakl\u0101ju t\u012br\u012b\u0161anas l\u012bdzeklis uz \u016bdens b\u0101zes, kas piem\u0113rots vairumam zin\u0101mo traipu veidu t\u012br\u012b\u0161anai no pakl\u0101jiem un m\u012bkstajam m\u0113bel\u0113m. \u012apa\u0161i efekt\u012bvs uz \u016bdens b\u0101zes (sulas, kafija, t\u0113ja, tom\u0101tu m\u0113rce, v\u012bns vai asinis) traipu t\u012br\u012b\u0161anai.<\/p>\n<p><strong>\u012apa\u0161\u012bbas<\/strong><\/p>\n<p>&#8211; Unik\u0101la traipu t\u012br\u012b\u0161anas formula<\/p>\n<p>&#8211; Efekt\u012bva virsmakt\u012bvo vielu kombin\u0101cija<\/p>\n<p>&#8211; \u0112rts lieto\u0161anai gatavs izsmidzin\u0101t\u0101js<\/p>\n<p>&#8211; Ietverta ONT tehnolo\u0123ija (smaku neitraliz\u0113\u0161anas tehnolo\u0123ija)<\/p>\n<p><strong>Priek\u0161roc\u012bbas<\/strong><\/p>\n<p>Nav nepiecie\u0161ami sare\u017e\u0123\u012bti traipu t\u012br\u012b\u0161anas komplekti \u2013 vienk\u0101r\u0161s risin\u0101jums vairumam traipu t\u012br\u012b\u0161anai<\/p>\n<p>\u012apa\u0161i efekt\u012bvs uz \u016bdens b\u0101zes traipu t\u012br\u012b\u0161ana<\/p>\n<p>Viegli lietojams un piem\u0113rots abiem gad\u012bjumiem \u2013 \u0101rk\u0101rtas situ\u0101cij\u0101s un priek\u0161apstr\u0101dei.<\/p>\n<p>Dro\u0161s lieto\u0161an\u0101 visiem pakl\u0101jiem.<\/p>\n<p>ONT tehnolo\u0123ija izn\u012bcina nepat\u012bkamo smaku molekulas un pie\u0161\u0137ir pat\u012bkamu arom\u0101tu.<\/p>\n<p><strong>Lieto\u0161anas nor\u0101des<\/strong><\/p>\n<p>Doz\u0113\u0161ana: L\u012bdzeklis ir lieto\u0161anai gatavs. Lieto neat\u0161\u0137aid\u012btu.<\/p>\n<p><strong>pH: 6.3-7.8<\/strong><\/p>\n<p><strong>Tilpums: 750 ml<\/strong><\/p>\n","protected":false},"excerpt":{"rendered":"<div class=\"item_meta\"><\/div>\n<div><\/div>\n","protected":false},"featured_media":1881,"template":"","meta":{"inline_featured_image":false},"product_cat":[79,109],"product_tag":[],"class_list":{"0":"post-1880","1":"product","2":"type-product","3":"status-publish","4":"has-post-thumbnail","6":"product_cat-specialu-virsmu-tirisanai","7":"product_cat-paklaju-kopsanai","9":"first","10":"instock","11":"taxable","12":"shipping-taxable","13":"purchasable","14":"product-type-simple","15":"add-to-wishlist-after_add_to_cart"},"_links":{"self":[{"href":"https:\/\/alkaline.lv\/en\/wp-json\/wp\/v2\/product\/1880"}],"collection":[{"href":"https:\/\/alkaline.lv\/en\/wp-json\/wp\/v2\/product"}],"about":[{"href":"https:\/\/alkaline.lv\/en\/wp-json\/wp\/v2\/types\/product"}],"wp:featuredmedia":[{"embeddable":true,"href":"https:\/\/alkaline.lv\/en\/wp-json\/wp\/v2\/media\/1881"}],"wp:attachment":[{"href":"https:\/\/alkaline.lv\/en\/wp-json\/wp\/v2\/media?parent=1880"}],"wp:term":[{"taxonomy":"product_cat","embeddable":true,"href":"https:\/\/alkaline.lv\/en\/wp-json\/wp\/v2\/product_cat?post=1880"},{"taxonomy":"product_tag","embeddable":true,"href":"https:\/\/alkaline.lv\/en\/wp-json\/wp\/v2\/product_tag?post=1880"}],"curies":[{"name":"wp","href":"https:\/\/api.w.org\/{rel}","templated":true}]}}